{"id":215193,"date":"2018-05-25T14:03:30","date_gmt":"2018-05-25T12:03:30","guid":{"rendered":"https:\/\/myheart.starterkit.site\/?page_id=215193"},"modified":"2025-06-17T16:07:00","modified_gmt":"2025-06-17T14:07:00","slug":"widerruf","status":"publish","type":"page","link":"https:\/\/renatehechenberger.com\/en\/agb\/widerruf\/","title":{"rendered":"Right of Withdrawal"},"content":{"rendered":"<p>[et_pb_section fb_built=&#8220;1&#8243; _builder_version=&#8220;4.16&#8243; global_colors_info=&#8220;{}&#8220;][et_pb_row _builder_version=&#8220;4.27.4&#8243; hover_enabled=&#8220;0&#8243; global_colors_info=&#8220;{}&#8220; max_width=&#8220;1120px&#8220; sticky_enabled=&#8220;0&#8243;][et_pb_column type=&#8220;4_4&#8243; _builder_version=&#8220;4.16&#8243; global_colors_info=&#8220;{}&#8220;][et_pb_text _builder_version=&#8220;4.27.4&#8243; hover_enabled=&#8220;0&#8243; global_colors_info=&#8220;{}&#8220; sticky_enabled=&#8220;0&#8243;]<\/p>\n<p>&nbsp;<\/p>\n<h3>Right of Withdrawal<\/h3>\n<p>Consumers have the right to withdraw from a contract within 14 days without giving any reason.<\/p>\n<p>A consumer is any natural person who enters into a legal transaction for private purposes \u2013 i.e., not in the course of a commercial or self-employed professional activity.<\/p>\n<h4>Withdrawal period<\/h4>\n<p>The withdrawal period is fourteen days from the day the contract was concluded. <strong>vierzehn Tage ab dem Tag des Vertragsabschlusses<\/strong>.<\/p>\n<h4>How to exercise your right of withdrawal<\/h4>\n<p>To exercise your right of withdrawal, please send a clear statement (e.g., by email or post) to:<\/p>\n<p><strong>Renate Hechenberger<\/strong><br \/>Lagergasse 44, 8020 Graz, Austria<br \/>Email: office(at)renatehechenberger.com; please change (at) with @<\/p>\n<p>It is sufficient if you send the notification before the 14-day period has expired.<\/p>\n<hr \/>\n<h3>Consequences of withdrawal<\/h3>\n<p>In the event of a valid withdrawal, we will refund <strong>all payments we have received from you,<\/strong>including any delivery costs (except for additional costs resulting from special delivery requests), no later than fourteen days after receipt of your withdrawal notice.<\/p>\n<p>The refund will be made using the same payment method you used for the original transaction, unless we expressly agree otherwise. You will not incur <strong>any fees for the refund.<\/strong>.<\/p>\n<hr \/>\n<h3>Note on the early expiry of the right of withdrawal<\/h3>\n<p>If you order digital content (e.g., an e-book) and expressly agree at the time of purchase that performance of the contract will begin before the withdrawal period has expired, and you confirm that you lose your right of withdrawal once performance begins, <strong>your right of withdrawal expires prematurely.<\/strong>.<\/p>\n<p>[\/et_pb_text][\/et_pb_column][\/et_pb_row][\/et_pb_section]<\/p>","protected":false},"excerpt":{"rendered":"<p>&nbsp; Widerrufsbelehrung Verbraucher:innen haben das Recht, einen abgeschlossenen Vertrag innerhalb von 14 Tagen ohne Angabe von Gr\u00fcnden zu widerrufen. Als Verbraucher:in gilt jede nat\u00fcrliche Person, die ein Rechtsgesch\u00e4ft zu privaten Zwecken abschlie\u00dft \u2013 also nicht im Rahmen einer gewerblichen oder selbstst\u00e4ndigen beruflichen T\u00e4tigkeit. Widerrufsfrist Die Frist betr\u00e4gt vierzehn Tage ab dem Tag des Vertragsabschlusses. Wie [&hellip;]<\/p>","protected":false},"author":1,"featured_media":0,"parent":207456,"menu_order":0,"comment_status":"closed","ping_status":"closed","template":"","meta":{"_et_pb_use_builder":"on","_et_pb_old_content":"","_et_gb_content_width":"","footnotes":""},"class_list":["post-215193","page","type-page","status-publish","hentry"],"yoast_head":"<!-- This site is optimized with the Yoast SEO Premium plugin v25.8 (Yoast SEO v27.3) - https:\/\/yoast.com\/product\/yoast-seo-premium-wordpress\/ -->\n<title>Widerrufsbelehrung - renatehechenberger.com<\/title>\n<meta name=\"robots\" content=\"index, nofollow, max-snippet:-1, max-image-preview:large, max-video-preview:-1\" \/>\n<link rel=\"canonical\" href=\"https:\/\/renatehechenberger.com\/en\/agb\/widerruf\/\" \/>\n<meta property=\"og:locale\" content=\"en_GB\" \/>\n<meta property=\"og:type\" content=\"article\" \/>\n<meta property=\"og:title\" content=\"Widerrufsbelehrung\" \/>\n<meta property=\"og:description\" content=\"&nbsp; Widerrufsbelehrung Verbraucher:innen haben das Recht, einen abgeschlossenen Vertrag innerhalb von 14 Tagen ohne Angabe von Gr\u00fcnden zu widerrufen. Als Verbraucher:in gilt jede nat\u00fcrliche Person, die ein Rechtsgesch\u00e4ft zu privaten Zwecken abschlie\u00dft \u2013 also nicht im Rahmen einer gewerblichen oder selbstst\u00e4ndigen beruflichen T\u00e4tigkeit. Widerrufsfrist Die Frist betr\u00e4gt vierzehn Tage ab dem Tag des Vertragsabschlusses. Wie [&hellip;]\" \/>\n<meta property=\"og:url\" content=\"https:\/\/renatehechenberger.com\/en\/agb\/widerruf\/\" \/>\n<meta property=\"og:site_name\" content=\"renatehechenberger.com\" \/>\n<meta property=\"article:modified_time\" content=\"2025-06-17T14:07:00+00:00\" \/>\n<meta name=\"twitter:card\" content=\"summary_large_image\" \/>\n<meta name=\"twitter:label1\" content=\"Estimated reading time\" \/>\n\t<meta name=\"twitter:data1\" content=\"2 minutes\" \/>\n<script type=\"application\/ld+json\" class=\"yoast-schema-graph\">{\"@context\":\"https:\\\/\\\/schema.org\",\"@graph\":[{\"@type\":\"WebPage\",\"@id\":\"https:\\\/\\\/renatehechenberger.com\\\/agb\\\/widerruf\\\/\",\"url\":\"https:\\\/\\\/renatehechenberger.com\\\/agb\\\/widerruf\\\/\",\"name\":\"Widerrufsbelehrung - renatehechenberger.com\",\"isPartOf\":{\"@id\":\"https:\\\/\\\/renatehechenberger.com\\\/#website\"},\"datePublished\":\"2018-05-25T12:03:30+00:00\",\"dateModified\":\"2025-06-17T14:07:00+00:00\",\"breadcrumb\":{\"@id\":\"https:\\\/\\\/renatehechenberger.com\\\/agb\\\/widerruf\\\/#breadcrumb\"},\"inLanguage\":\"en-GB\",\"potentialAction\":[{\"@type\":\"ReadAction\",\"target\":[\"https:\\\/\\\/renatehechenberger.com\\\/agb\\\/widerruf\\\/\"]}]},{\"@type\":\"BreadcrumbList\",\"@id\":\"https:\\\/\\\/renatehechenberger.com\\\/agb\\\/widerruf\\\/#breadcrumb\",\"itemListElement\":[{\"@type\":\"ListItem\",\"position\":1,\"name\":\"Home\",\"item\":\"https:\\\/\\\/renatehechenberger.com\\\/\"},{\"@type\":\"ListItem\",\"position\":2,\"name\":\"AGB\",\"item\":\"https:\\\/\\\/renatehechenberger.com\\\/agb\\\/\"},{\"@type\":\"ListItem\",\"position\":3,\"name\":\"Widerrufsbelehrung\"}]},{\"@type\":\"WebSite\",\"@id\":\"https:\\\/\\\/renatehechenberger.com\\\/#website\",\"url\":\"https:\\\/\\\/renatehechenberger.com\\\/\",\"name\":\"renatehechenberger.com\",\"description\":\"Female Power Architect \u2013 f\u00fcr Frauen in Leadership &amp; Transition\",\"potentialAction\":[{\"@type\":\"SearchAction\",\"target\":{\"@type\":\"EntryPoint\",\"urlTemplate\":\"https:\\\/\\\/renatehechenberger.com\\\/?s={search_term_string}\"},\"query-input\":{\"@type\":\"PropertyValueSpecification\",\"valueRequired\":true,\"valueName\":\"search_term_string\"}}],\"inLanguage\":\"en-GB\"}]}<\/script>\n<!-- \/ Yoast SEO Premium plugin. -->","yoast_head_json":{"title":"Widerrufsbelehrung - renatehechenberger.com","robots":{"index":"index","follow":"nofollow","max-snippet":"max-snippet:-1","max-image-preview":"max-image-preview:large","max-video-preview":"max-video-preview:-1"},"canonical":"https:\/\/renatehechenberger.com\/en\/agb\/widerruf\/","og_locale":"en_GB","og_type":"article","og_title":"Widerrufsbelehrung","og_description":"&nbsp; Widerrufsbelehrung Verbraucher:innen haben das Recht, einen abgeschlossenen Vertrag innerhalb von 14 Tagen ohne Angabe von Gr\u00fcnden zu widerrufen. Als Verbraucher:in gilt jede nat\u00fcrliche Person, die ein Rechtsgesch\u00e4ft zu privaten Zwecken abschlie\u00dft \u2013 also nicht im Rahmen einer gewerblichen oder selbstst\u00e4ndigen beruflichen T\u00e4tigkeit. Widerrufsfrist Die Frist betr\u00e4gt vierzehn Tage ab dem Tag des Vertragsabschlusses. Wie [&hellip;]","og_url":"https:\/\/renatehechenberger.com\/en\/agb\/widerruf\/","og_site_name":"renatehechenberger.com","article_modified_time":"2025-06-17T14:07:00+00:00","twitter_card":"summary_large_image","twitter_misc":{"Estimated reading time":"2 minutes"},"schema":{"@context":"https:\/\/schema.org","@graph":[{"@type":"WebPage","@id":"https:\/\/renatehechenberger.com\/agb\/widerruf\/","url":"https:\/\/renatehechenberger.com\/agb\/widerruf\/","name":"Widerrufsbelehrung - renatehechenberger.com","isPartOf":{"@id":"https:\/\/renatehechenberger.com\/#website"},"datePublished":"2018-05-25T12:03:30+00:00","dateModified":"2025-06-17T14:07:00+00:00","breadcrumb":{"@id":"https:\/\/renatehechenberger.com\/agb\/widerruf\/#breadcrumb"},"inLanguage":"en-GB","potentialAction":[{"@type":"ReadAction","target":["https:\/\/renatehechenberger.com\/agb\/widerruf\/"]}]},{"@type":"BreadcrumbList","@id":"https:\/\/renatehechenberger.com\/agb\/widerruf\/#breadcrumb","itemListElement":[{"@type":"ListItem","position":1,"name":"Home","item":"https:\/\/renatehechenberger.com\/"},{"@type":"ListItem","position":2,"name":"AGB","item":"https:\/\/renatehechenberger.com\/agb\/"},{"@type":"ListItem","position":3,"name":"Widerrufsbelehrung"}]},{"@type":"WebSite","@id":"https:\/\/renatehechenberger.com\/#website","url":"https:\/\/renatehechenberger.com\/","name":"renatehechenberger.com","description":"Female Power Architect \u2013 f\u00fcr Frauen in Leadership &amp; Transition","potentialAction":[{"@type":"SearchAction","target":{"@type":"EntryPoint","urlTemplate":"https:\/\/renatehechenberger.com\/?s={search_term_string}"},"query-input":{"@type":"PropertyValueSpecification","valueRequired":true,"valueName":"search_term_string"}}],"inLanguage":"en-GB"}]}},"_links":{"self":[{"href":"https:\/\/renatehechenberger.com\/en\/wp-json\/wp\/v2\/pages\/215193","targetHints":{"allow":["GET"]}}],"collection":[{"href":"https:\/\/renatehechenberger.com\/en\/wp-json\/wp\/v2\/pages"}],"about":[{"href":"https:\/\/renatehechenberger.com\/en\/wp-json\/wp\/v2\/types\/page"}],"author":[{"embeddable":true,"href":"https:\/\/renatehechenberger.com\/en\/wp-json\/wp\/v2\/users\/1"}],"replies":[{"embeddable":true,"href":"https:\/\/renatehechenberger.com\/en\/wp-json\/wp\/v2\/comments?post=215193"}],"version-history":[{"count":7,"href":"https:\/\/renatehechenberger.com\/en\/wp-json\/wp\/v2\/pages\/215193\/revisions"}],"predecessor-version":[{"id":246772,"href":"https:\/\/renatehechenberger.com\/en\/wp-json\/wp\/v2\/pages\/215193\/revisions\/246772"}],"up":[{"embeddable":true,"href":"https:\/\/renatehechenberger.com\/en\/wp-json\/wp\/v2\/pages\/207456"}],"wp:attachment":[{"href":"https:\/\/renatehechenberger.com\/en\/wp-json\/wp\/v2\/media?parent=215193"}],"curies":[{"name":"wp","href":"https:\/\/api.w.org\/{rel}","templated":true}]}}