{"id":228434,"date":"2019-12-21T08:23:24","date_gmt":"2019-12-21T07:23:24","guid":{"rendered":"https:\/\/renatehechenberger.com\/?page_id=228434"},"modified":"2025-06-17T16:08:52","modified_gmt":"2025-06-17T14:08:52","slug":"widerruf-fuer-digitale-inhalte","status":"publish","type":"page","link":"https:\/\/renatehechenberger.com\/en\/agb\/widerruf-fuer-digitale-inhalte\/","title":{"rendered":"Widerruf f\u00fcr Digitale Inhalte"},"content":{"rendered":"<p>[et_pb_section fb_built=&#8220;1&#8243; _builder_version=&#8220;4.16&#8243; global_colors_info=&#8220;{}&#8220;][et_pb_row _builder_version=&#8220;4.27.4&#8243; max_width=&#8220;1120px&#8220; global_colors_info=&#8220;{}&#8220;][et_pb_column type=&#8220;4_4&#8243; _builder_version=&#8220;4.16&#8243; global_colors_info=&#8220;{}&#8220;][et_pb_text _builder_version=&#8220;4.27.4&#8243; custom_padding=&#8220;||49px|||&#8220; hover_enabled=&#8220;0&#8243; global_colors_info=&#8220;{}&#8220; sticky_enabled=&#8220;0&#8243;]<\/p>\n<h3 data-start=\"184\" data-end=\"243\">Right of Withdrawal for Digital Content (e.g., e-books)<\/h3>\n<p data-start=\"245\" data-end=\"433\">If you purchase digital content such as e-books or PDF files through this website, you generally have a statutory right of withdrawal of 14 days.<\/p>\n<h4 data-start=\"435\" data-end=\"467\">When does this right not apply?<\/h4>\n<p data-start=\"469\" data-end=\"513\">The right of withdrawal expires prematurely if:<\/p>\n<ul data-start=\"514\" data-end=\"706\">\n<li data-start=\"514\" data-end=\"624\">\n<p data-start=\"516\" data-end=\"624\">you expressly agree at the time of purchase that delivery will begin before the end of the withdrawal period, and<\/p>\n<\/li>\n<li data-start=\"625\" data-end=\"706\">\n<p data-start=\"627\" data-end=\"706\">you confirm that you lose your right of withdrawal once execution has started.<\/p>\n<\/li>\n<\/ul>\n<p data-start=\"708\" data-end=\"829\">This consent is actively obtained from you during the ordering process. Without it, no purchase can be completed.<\/p>\n<h4 data-start=\"831\" data-end=\"847\">Questions?<\/h4>\n<p data-start=\"849\" data-end=\"940\">If you have any questions or wish to exercise your right of withdrawal, you can reach us at:<\/p>\n<p data-start=\"942\" data-end=\"1047\"><strong data-start=\"942\" data-end=\"965\">Renate Hechenberger<\/strong><br data-start=\"965\" data-end=\"968\" \/>Lagergasse 44, 8020 Graz, Austria<br data-start=\"1004\" data-end=\"1007\" \/>Email: office(at)renatehechenberger.com (please replace (at) with @).<\/p>\n<p>[\/et_pb_text][\/et_pb_column][\/et_pb_row][\/et_pb_section]<\/p>","protected":false},"excerpt":{"rendered":"<p>Widerrufsbelehrung f\u00fcr digitale Inhalte (z.\u202fB. E-Books) Wenn du als Verbraucherin oder Verbraucher digitale Inhalte wie E-Books oder PDF-Dateien \u00fcber diese Website kaufst, steht dir grunds\u00e4tzlich ein gesetzliches Widerrufsrecht von 14 Tagen zu. Wann entf\u00e4llt dieses Recht? Das Widerrufsrecht erlischt vorzeitig, wenn: du beim Kauf ausdr\u00fccklich zustimmst, dass mit der Lieferung vor Ablauf der Widerrufsfrist begonnen [&hellip;]<\/p>","protected":false},"author":1,"featured_media":0,"parent":207456,"menu_order":0,"comment_status":"closed","ping_status":"closed","template":"","meta":{"_et_pb_use_builder":"on","_et_pb_old_content":"","_et_gb_content_width":"","footnotes":""},"class_list":["post-228434","page","type-page","status-publish","hentry"],"yoast_head":"<!-- This site is optimized with the Yoast SEO Premium plugin v25.8 (Yoast SEO v27.3) - https:\/\/yoast.com\/product\/yoast-seo-premium-wordpress\/ -->\n<title>Widerruf f\u00fcr Digitale Inhalte - renatehechenberger.com<\/title>\n<meta name=\"robots\" content=\"index, follow, max-snippet:-1, max-image-preview:large, max-video-preview:-1\" \/>\n<link rel=\"canonical\" href=\"https:\/\/renatehechenberger.com\/en\/agb\/widerruf-fuer-digitale-inhalte\/\" \/>\n<meta property=\"og:locale\" content=\"en_GB\" \/>\n<meta property=\"og:type\" content=\"article\" \/>\n<meta property=\"og:title\" content=\"Widerruf f\u00fcr Digitale Inhalte\" \/>\n<meta property=\"og:description\" content=\"Widerrufsbelehrung f\u00fcr digitale Inhalte (z.\u202fB. E-Books) Wenn du als Verbraucherin oder Verbraucher digitale Inhalte wie E-Books oder PDF-Dateien \u00fcber diese Website kaufst, steht dir grunds\u00e4tzlich ein gesetzliches Widerrufsrecht von 14 Tagen zu. Wann entf\u00e4llt dieses Recht? Das Widerrufsrecht erlischt vorzeitig, wenn: du beim Kauf ausdr\u00fccklich zustimmst, dass mit der Lieferung vor Ablauf der Widerrufsfrist begonnen [&hellip;]\" \/>\n<meta property=\"og:url\" content=\"https:\/\/renatehechenberger.com\/en\/agb\/widerruf-fuer-digitale-inhalte\/\" \/>\n<meta property=\"og:site_name\" content=\"renatehechenberger.com\" \/>\n<meta property=\"article:modified_time\" content=\"2025-06-17T14:08:52+00:00\" \/>\n<meta name=\"twitter:card\" content=\"summary_large_image\" \/>\n<meta name=\"twitter:label1\" content=\"Estimated reading time\" \/>\n\t<meta name=\"twitter:data1\" content=\"1 minute\" \/>\n<script type=\"application\/ld+json\" class=\"yoast-schema-graph\">{\"@context\":\"https:\\\/\\\/schema.org\",\"@graph\":[{\"@type\":\"WebPage\",\"@id\":\"https:\\\/\\\/renatehechenberger.com\\\/agb\\\/widerruf-fuer-digitale-inhalte\\\/\",\"url\":\"https:\\\/\\\/renatehechenberger.com\\\/agb\\\/widerruf-fuer-digitale-inhalte\\\/\",\"name\":\"Widerruf f\u00fcr Digitale Inhalte - renatehechenberger.com\",\"isPartOf\":{\"@id\":\"https:\\\/\\\/renatehechenberger.com\\\/#website\"},\"datePublished\":\"2019-12-21T07:23:24+00:00\",\"dateModified\":\"2025-06-17T14:08:52+00:00\",\"breadcrumb\":{\"@id\":\"https:\\\/\\\/renatehechenberger.com\\\/agb\\\/widerruf-fuer-digitale-inhalte\\\/#breadcrumb\"},\"inLanguage\":\"en-GB\",\"potentialAction\":[{\"@type\":\"ReadAction\",\"target\":[\"https:\\\/\\\/renatehechenberger.com\\\/agb\\\/widerruf-fuer-digitale-inhalte\\\/\"]}]},{\"@type\":\"BreadcrumbList\",\"@id\":\"https:\\\/\\\/renatehechenberger.com\\\/agb\\\/widerruf-fuer-digitale-inhalte\\\/#breadcrumb\",\"itemListElement\":[{\"@type\":\"ListItem\",\"position\":1,\"name\":\"Home\",\"item\":\"https:\\\/\\\/renatehechenberger.com\\\/\"},{\"@type\":\"ListItem\",\"position\":2,\"name\":\"AGB\",\"item\":\"https:\\\/\\\/renatehechenberger.com\\\/agb\\\/\"},{\"@type\":\"ListItem\",\"position\":3,\"name\":\"Widerruf f\u00fcr Digitale Inhalte\"}]},{\"@type\":\"WebSite\",\"@id\":\"https:\\\/\\\/renatehechenberger.com\\\/#website\",\"url\":\"https:\\\/\\\/renatehechenberger.com\\\/\",\"name\":\"renatehechenberger.com\",\"description\":\"Female Power Architect \u2013 f\u00fcr Frauen in Leadership &amp; Transition\",\"potentialAction\":[{\"@type\":\"SearchAction\",\"target\":{\"@type\":\"EntryPoint\",\"urlTemplate\":\"https:\\\/\\\/renatehechenberger.com\\\/?s={search_term_string}\"},\"query-input\":{\"@type\":\"PropertyValueSpecification\",\"valueRequired\":true,\"valueName\":\"search_term_string\"}}],\"inLanguage\":\"en-GB\"}]}<\/script>\n<!-- \/ Yoast SEO Premium plugin. -->","yoast_head_json":{"title":"Widerruf f\u00fcr Digitale Inhalte - renatehechenberger.com","robots":{"index":"index","follow":"follow","max-snippet":"max-snippet:-1","max-image-preview":"max-image-preview:large","max-video-preview":"max-video-preview:-1"},"canonical":"https:\/\/renatehechenberger.com\/en\/agb\/widerruf-fuer-digitale-inhalte\/","og_locale":"en_GB","og_type":"article","og_title":"Widerruf f\u00fcr Digitale Inhalte","og_description":"Widerrufsbelehrung f\u00fcr digitale Inhalte (z.\u202fB. E-Books) Wenn du als Verbraucherin oder Verbraucher digitale Inhalte wie E-Books oder PDF-Dateien \u00fcber diese Website kaufst, steht dir grunds\u00e4tzlich ein gesetzliches Widerrufsrecht von 14 Tagen zu. Wann entf\u00e4llt dieses Recht? Das Widerrufsrecht erlischt vorzeitig, wenn: du beim Kauf ausdr\u00fccklich zustimmst, dass mit der Lieferung vor Ablauf der Widerrufsfrist begonnen [&hellip;]","og_url":"https:\/\/renatehechenberger.com\/en\/agb\/widerruf-fuer-digitale-inhalte\/","og_site_name":"renatehechenberger.com","article_modified_time":"2025-06-17T14:08:52+00:00","twitter_card":"summary_large_image","twitter_misc":{"Estimated reading time":"1 minute"},"schema":{"@context":"https:\/\/schema.org","@graph":[{"@type":"WebPage","@id":"https:\/\/renatehechenberger.com\/agb\/widerruf-fuer-digitale-inhalte\/","url":"https:\/\/renatehechenberger.com\/agb\/widerruf-fuer-digitale-inhalte\/","name":"Widerruf f\u00fcr Digitale Inhalte - renatehechenberger.com","isPartOf":{"@id":"https:\/\/renatehechenberger.com\/#website"},"datePublished":"2019-12-21T07:23:24+00:00","dateModified":"2025-06-17T14:08:52+00:00","breadcrumb":{"@id":"https:\/\/renatehechenberger.com\/agb\/widerruf-fuer-digitale-inhalte\/#breadcrumb"},"inLanguage":"en-GB","potentialAction":[{"@type":"ReadAction","target":["https:\/\/renatehechenberger.com\/agb\/widerruf-fuer-digitale-inhalte\/"]}]},{"@type":"BreadcrumbList","@id":"https:\/\/renatehechenberger.com\/agb\/widerruf-fuer-digitale-inhalte\/#breadcrumb","itemListElement":[{"@type":"ListItem","position":1,"name":"Home","item":"https:\/\/renatehechenberger.com\/"},{"@type":"ListItem","position":2,"name":"AGB","item":"https:\/\/renatehechenberger.com\/agb\/"},{"@type":"ListItem","position":3,"name":"Widerruf f\u00fcr Digitale Inhalte"}]},{"@type":"WebSite","@id":"https:\/\/renatehechenberger.com\/#website","url":"https:\/\/renatehechenberger.com\/","name":"renatehechenberger.com","description":"Female Power Architect \u2013 f\u00fcr Frauen in Leadership &amp; Transition","potentialAction":[{"@type":"SearchAction","target":{"@type":"EntryPoint","urlTemplate":"https:\/\/renatehechenberger.com\/?s={search_term_string}"},"query-input":{"@type":"PropertyValueSpecification","valueRequired":true,"valueName":"search_term_string"}}],"inLanguage":"en-GB"}]}},"_links":{"self":[{"href":"https:\/\/renatehechenberger.com\/en\/wp-json\/wp\/v2\/pages\/228434","targetHints":{"allow":["GET"]}}],"collection":[{"href":"https:\/\/renatehechenberger.com\/en\/wp-json\/wp\/v2\/pages"}],"about":[{"href":"https:\/\/renatehechenberger.com\/en\/wp-json\/wp\/v2\/types\/page"}],"author":[{"embeddable":true,"href":"https:\/\/renatehechenberger.com\/en\/wp-json\/wp\/v2\/users\/1"}],"replies":[{"embeddable":true,"href":"https:\/\/renatehechenberger.com\/en\/wp-json\/wp\/v2\/comments?post=228434"}],"version-history":[{"count":9,"href":"https:\/\/renatehechenberger.com\/en\/wp-json\/wp\/v2\/pages\/228434\/revisions"}],"predecessor-version":[{"id":246777,"href":"https:\/\/renatehechenberger.com\/en\/wp-json\/wp\/v2\/pages\/228434\/revisions\/246777"}],"up":[{"embeddable":true,"href":"https:\/\/renatehechenberger.com\/en\/wp-json\/wp\/v2\/pages\/207456"}],"wp:attachment":[{"href":"https:\/\/renatehechenberger.com\/en\/wp-json\/wp\/v2\/media?parent=228434"}],"curies":[{"name":"wp","href":"https:\/\/api.w.org\/{rel}","templated":true}]}}