{"id":232172,"date":"2015-06-22T13:46:09","date_gmt":"2015-06-22T11:46:09","guid":{"rendered":"http:\/\/starterkit-2.starterkit.site\/impressum\/"},"modified":"2025-12-28T10:31:02","modified_gmt":"2025-12-28T08:31:02","slug":"impressum","status":"publish","type":"page","link":"https:\/\/renatehechenberger.com\/en\/impressum\/","title":{"rendered":"LEGAL NOTICE"},"content":{"rendered":"<p>[et_pb_section fb_built=&#8220;1&#8243; admin_label=&#8220;section&#8220; _builder_version=&#8220;4.16&#8243; global_colors_info=&#8220;{}&#8220;][et_pb_row admin_label=&#8220;row&#8220; _builder_version=&#8220;4.27.4&#8243; background_size=&#8220;initial&#8220; background_position=&#8220;top_left&#8220; background_repeat=&#8220;repeat&#8220; max_width=&#8220;1120px&#8220; global_colors_info=&#8220;{}&#8220;][et_pb_column type=&#8220;4_4&#8243; _builder_version=&#8220;4.16&#8243; custom_padding=&#8220;|||&#8220; global_colors_info=&#8220;{}&#8220; custom_padding__hover=&#8220;|||&#8220;][et_pb_text _builder_version=&#8220;4.27.4&#8243; text_font=&#8220;||||||||&#8220; text_text_color=&#8220;#666666&#8243; header_font=&#8220;||||||||&#8220; header_text_color=&#8220;#C5A279&#8243; background_size=&#8220;initial&#8220; background_position=&#8220;top_left&#8220; background_repeat=&#8220;repeat&#8220; hover_enabled=&#8220;0&#8243; global_colors_info=&#8220;{}&#8220; sticky_enabled=&#8220;0&#8243; header_4_font=&#8220;&#8211;et_global_heading_font||||||||&#8220;]<\/p>\n<h1><strong>LEGAL NOTICE<\/strong><\/h1>\n<p>&nbsp;<\/p>\n<h4>Information pursuant to \u00a7 5 TMG \/ \u00a7 14 UGB:<\/h4>\n<p>Renate Hechenberger<br \/>Lagergasse 44<br \/>8020 Graz, Austria<br \/>Phone: +43 316 912958<br \/>Email: office(at)renatehechenberger.com; please change (at) with @<\/p>\n<h4>Supervisory Authority<\/h4>\n<p>Wirtschaftskammer Steiermark \u2013 Division of Personal Service Providers<\/p>\n<p><a href=\"https:\/\/firmen.wko.at\/Web\/DetailsKontakt.aspx?FirmaID=a8c66f88-e469-4694-b08d-f50fe8c54e54\" target=\"_blank\" rel=\"noopener noreferrer\"><img decoding=\"async\" src=\"https:\/\/www.wkoecg.at\/Web\/Library\/img\/ecg.gif\" \/><\/a><\/p>\n<h4 data-start=\"633\" data-end=\"834\"><strong data-start=\"633\" data-end=\"659\">Business Purpose<\/strong><\/h4>\n<p data-start=\"633\" data-end=\"834\">Begleitung von Frauen in individuellen 1:1-Formaten, Retreats und digitalen Angeboten mit Fokus auf Bewusstseinsentwicklung, innere Klarheit und pers\u00f6nliche Transformation.<\/p>\n<p data-start=\"836\" data-end=\"1236\" style=\"padding-left: 40px;\"><strong data-start=\"836\" data-end=\"876\">Hinweis zur Einordnung der T\u00e4tigkeit<\/strong><br data-start=\"876\" data-end=\"879\" \/>Die angebotenen Leistungen sind begleitender, bewusstseinsorientierter Natur.<br data-start=\"1377\" data-end=\"1380\" \/>Sie stellen keine medizinische, psychologische oder psychotherapeutische Behandlung dar und ersetzen diese nicht.<br data-start=\"1495\" data-end=\"1498\" \/>Es werden keine Diagnosen gestellt und keine Heilversprechen abgegeben.<\/p>\n<h4 class=\"FirstParagraph\"><span lang=\"EN-US\"><strong data-start=\"611\" data-end=\"628\">Legal Form<\/strong><\/span><\/h4>\n<p class=\"FirstParagraph\"><span lang=\"EN-US\">Sole proprietorship (formerly GesbR)<\/span><\/p>\n<h4><span>Liability for Content<\/span><\/h4>\n<p>As a service provider I am responsible for my own content on these pages under the general laws (\u00a7 18 ECG). However, I am not obliged to monitor transmitted or stored third-party information. Obligations to remove or block the use of information remain unaffected.<\/p>\n<h4><span>Liability for Links<\/span><\/h4>\n<p>This website contains links to external websites of third parties, over whose content I have no control. Therefore, I cannot accept any liability for such external content. If I become aware of any legal violations, I will remove such links immediately.<\/p>\n<h4><span>Copyright<\/span><\/h4>\n<p data-start=\"1783\" data-end=\"1992\">All content on this website (texts, images, graphics, videos) is protected by copyright. Use, reproduction or distribution is only permitted with express written consent.<\/p>\n<p data-start=\"1994\" data-end=\"2126\"><strong data-start=\"1994\" data-end=\"2045\">Note on the Responsible Use of AI<\/strong><br data-start=\"2045\" data-end=\"2048\" \/>My approach to artificial intelligence: ethics, awareness &amp; responsibility.<\/p>\n<p data-start=\"2128\" data-end=\"2486\">I use generative AI (e.g. ChatGPT, DALL\u00b7E) as a creative sparring partner in text work, strategic reflection and 1:1 processes \u2014 always in line with ethical principles, data protection and personal integrity. For me, AI is not a substitute for human depth, but a conscious partner in dialogue with language, awareness and the future.<\/p>\n<h4><span>Image Credits<\/span><\/h4>\n<ul>\n<li><span>Renate Hechenberger<\/span><span><br \/><\/span><\/li>\n<li>Shutterstock (licensed stock photos)<\/li>\n<li><span>Canva Pro<br \/><\/span><\/li>\n<li><span>ChatGPT \/ DALL\u00b7E generated visuals<\/span><\/li>\n<\/ul>\n<h4><span>EU Dispute Resolution Platform<\/span><\/h4>\n<p><span style=\"color: #993366;\"><a href=\"https:\/\/consumer-redress.ec.europa.eu\/index_de\" target=\"_blank\" rel=\"noopener\" style=\"color: #993366;\">https:\/\/consumer-redress.ec.europa.eu\/index_de<\/a><\/span><\/p>\n<h4><span>Consumer Dispute Resolution<\/span><\/h4>\n<p><span>I am neither obliged nor willing to participate in dispute resolution proceedings before a consumer arbitration board.<\/span><\/p>\n<p><strong><span>Updated: June 2025<\/span><\/strong><span> Juni 2025<\/span><\/p>\n<p>&nbsp;<\/p>\n<p>[\/et_pb_text][\/et_pb_column][\/et_pb_row][\/et_pb_section]<\/p>","protected":false},"excerpt":{"rendered":"<p>IMPRESSUM &nbsp; Angaben gem\u00e4\u00df \u00a7 5 TMG \/ \u00a7 14 UGB: Renate HechenbergerLagergasse 448020 Graz, \u00d6sterreichTelefon: 0043 316 912958E-Mail: office(at)renatehechenberger.com; Bitte ersetzen Sie (at) durch @. Aufsichtsbeh\u00f6rde Wirtschaftskammer Steiermark &#8211;\u00a0Pers\u00f6nliche Dienstleister Unternehmensgegenstand Begleitung von Frauen in individuellen 1:1-Formaten, Retreats und digitalen Angeboten mit Fokus auf Bewusstseinsentwicklung, innere Klarheit und pers\u00f6nliche Transformation. Hinweis zur Einordnung der [&hellip;]<\/p>","protected":false},"author":1,"featured_media":0,"parent":0,"menu_order":0,"comment_status":"closed","ping_status":"closed","template":"","meta":{"_et_pb_use_builder":"on","_et_pb_old_content":"<h3><strong>F\u00fcr den Inhalt verantwortlicher Herausgeber:<\/strong><\/h3>\r\nRenate Hechenberger\r\nLagergasse 44\r\n8020 Graz, \u00d6sterreich\r\n<h3>Kontakt:<\/h3>\r\nTelefon: 0043 316 912958\r\nE-Mail: office(at)renatehechenberger.com\r\n\r\n<a href=\"https:\/\/firmen.wko.at\/Web\/DetailsKontakt.aspx?FirmaID=a8c66f88-e469-4694-b08d-f50fe8c54e54\" target=\"_blank\" rel=\"noopener\"><img src=\"https:\/\/www.wkoecg.at\/Web\/Library\/img\/ecg.gif\" \/><\/a>\r\n<h3><\/h3>\r\n<h3><strong>Quellenangaben f\u00fcr die verwendeten Bilder und Grafiken:<\/strong><\/h3>\r\n<a href=\"https:\/\/www.shutterstock.com\" target=\"_blank\" rel=\"noopener\">https:\/\/www.shutterstock.com<\/a>\r\n<a href=\"https:\/\/de.fotolia.com\" target=\"_blank\" rel=\"noopener\">https:\/\/de.fotolia.com<\/a>\r\nCC0 Bilder von <a href=\"http:\/\/www.unsplash.com\" target=\"_blank\" rel=\"noopener\">Unsplash<\/a>\r\nCC0 Bilder von <a href=\"https:\/\/pixabay.com\/\" target=\"_blank\" rel=\"noopener\">Pixabay<\/a>\r\nFotos von Renate Hechenberger: Sissi Furgler, Graz\r\n<h3><\/h3>\r\n<h3><strong>Haftungsausschluss (Disclaimer)<\/strong><\/h3>\r\n<strong>Haftung f\u00fcr Inhalte<\/strong>\r\n\r\nAls Diensteanbieter sind wir f\u00fcr eigene Inhalte auf diesen Seiten nach den allgemeinen Gesetzen verantwortlich. Wir sind als Diensteanbieter jedoch nicht verpflichtet, \u00fcbermittelte oder gespeicherte fremde Informationen zu \u00fcberwachen oder nach Umst\u00e4nden zu forschen, die auf eine rechtswidrige T\u00e4tigkeit hinweisen. Verpflichtungen zur Entfernung oder Sperrung der Nutzung von Informationen nach den allgemeinen Gesetzen bleiben hiervon unber\u00fchrt. Eine diesbez\u00fcgliche Haftung ist jedoch erst ab dem Zeitpunkt der Kenntnis einer konkreten Rechtsverletzung m\u00f6glich. Bei Bekanntwerden von entsprechenden Rechtsverletzungen werden wir diese Inhalte umgehend entfernen.\r\n\r\nDer Inhalt dieser Seiten wurde mit gr\u00f6\u00dftm\u00f6glicher Sorgfalt zusammengestellt. Ich \u00fcbernehme jedoch keine Gew\u00e4hr f\u00fcr die Aktualit\u00e4t, Fehlerfreiheit, Vollst\u00e4ndigkeit und Genauigkeit der bereitgestellten Informationen. Ich schlie\u00dfe jegliche Haftung f\u00fcr Sch\u00e4den, die direkt oder indirekt aus der Benutzung dieser Website entstehen, aus, sofern von meinen Seiten kein nachweislich vors\u00e4tzliches oder grob fahrl\u00e4ssiges Verschulden vorliegt. Alle Angebote sind freibleibend und unverbindlich. Ich behalte es mir ausdr\u00fccklich vor, Teile der Seiten oder das gesamte Angebot ohne gesonderte Ank\u00fcndigung zu ver\u00e4ndern, zu erg\u00e4nzen, zu l\u00f6schen oder die Ver\u00f6ffentlichung zeitweise oder endg\u00fcltig einzustellen.\r\n\r\n<strong>Haftung f\u00fcr Links<\/strong>\r\n\r\nUnser Angebot enth\u00e4lt Links zu externen Webseiten Dritter, auf deren Inhalte wir keinen Einfluss haben. Deshalb k\u00f6nnen wir f\u00fcr diese fremden Inhalte auch keine Gew\u00e4hr \u00fcbernehmen. F\u00fcr die Inhalte der verlinkten Seiten ist stets der jeweilige Anbieter oder Betreiber der Seiten verantwortlich. Die verlinkten Seiten wurden zum Zeitpunkt der Verlinkung auf m\u00f6gliche Rechtsverst\u00f6\u00dfe \u00fcberpr\u00fcft. Rechtswidrige Inhalte waren zum Zeitpunkt der Verlinkung nicht erkennbar. Eine permanente inhaltliche Kontrolle der verlinkten Seiten ist jedoch ohne konkrete Anhaltspunkte einer Rechtsverletzung nicht zumutbar. Bei Bekanntwerden von Rechtsverletzungen werden wir derartige Links umgehend entfernen.\r\n\r\n<strong>Urheberrecht<\/strong>\r\n\r\nDie durch die Seitenbetreiber erstellten Inhalte und Werke auf diesen Seiten unterliegen dem \u00f6sterreichischen Urheberrecht. Die Vervielf\u00e4ltigung, Bearbeitung, Verbreitung und jede Art der Verwertung au\u00dferhalb der Grenzen des Urheberrechtes bed\u00fcrfen der schriftlichen Zustimmung des jeweiligen Autors bzw. Erstellers. Downloads und Kopien dieser Seite sind nur f\u00fcr den privaten, nicht kommerziellen Gebrauch gestattet. Soweit die Inhalte auf dieser Seite nicht vom Betreiber erstellt wurden, werden die Urheberrechte Dritter beachtet. Insbesondere werden Inhalte Dritter als solche gekennzeichnet. Sollten Sie trotzdem auf eine Urheberrechtsverletzung aufmerksam werden, bitten wir um einen entsprechenden Hinweis. Bei Bekanntwerden von Rechtsverletzungen werden wir derartige Inhalte umgehend entfernen.\r\n\r\n<strong>Haftungsausschluss<\/strong>\r\n\r\n1. Als Humanenergetikerin und Spirituelle Mentorin begleite ich Menschen auf ihrem individuellen Entwicklungsweg.\r\n\r\n2. Das Gesetz verlangt es, dass ich Sie darauf hinweise, dass eine Heilung durch Energien oder Schwingungen nach wissenschaftlichen Kriterien nicht zu beweisen ist. Daher betone ich, dass ich keine Heilwirkungen versprechen kann und darf! Alle die hier angebotenen Leistungen stellen keine medizinische, psychiatrische oder psychologische Behandlung dar und sind keine Therapie. Die angebotenen Leistungen k\u00f6nnen eine notwendige Behandlung durch fachkundige und entsprechend ausgebildete Mediziner, Psychologen oder Therapeuten NICHT ersetzen. Im Rahmen der angebotenen Leistungen werden keine Diagnosen gestellt und keine Heilversprechen abgegeben. Ich bef\u00fcrworte die Zusammenarbeit mit \u00c4rzten, Heilpraktikern sowie Therapeuten und mache meine Klienten darauf aufmerksam, laufende Behandlungen nicht unter- oder abzubrechen, bzw. eine k\u00fcnftig notwendige nicht hinauszuschieben oder ganz zu unterlassen. Die Verantwortung liegt ganz bei meinen Klienten.\r\n\r\nJeder Inanspruchnehmer von Leistungen \u00fcbernimmt die volle Selbstverantwortung f\u00fcr sich. Meine Arbeit erfordert die Bereitschaft, mit den nachfolgenden Transformationsprozessen eigenverantwortlich umzugehen. F\u00fcr Menschen die unter Drogeneinfluss und\/oder Alkoholabh\u00e4ngigkeit leiden, ist die Arbeit mit hohen Energie- Frequenzen ausdr\u00fccklich nicht geeignet. Die TeilnehmerInnen und NutzerInnen verpflichten sich, vor Beginn der Sitzungen oder Workshops mitzuteilen, ob er\/sie sich in psychotherapeutischer oder psychiatrischer Behandlung befinden und\/oder Psychopharmaka (Medikamente) einnehmen.\r\n\r\n3. Die Fern-Heilungen via der Gef\u00fchrten Meditationen sind als rein spirituelle Erfahrung anzusehen. Sie beinhalten eine Anleitung f\u00fcr Meditation sowie \u00dcbungen zur Entfaltung der Selbstliebe sowie der spirituellen F\u00e4higkeiten.\r\n\r\n4. Jugendliche unter 16 Jahren k\u00f6nnen meine Angebote nur in Begleitung ihrer Eltern in Anspruch nehmen.\r\n\r\n5. Es liegt in der freien Verantwortung und Entscheidung meiner Klienten, die von mir gebotene Sitzung oder spirituelle Energiearbeit fortzusetzen bzw. abzubrechen. Sie werden dar\u00fcber aufgekl\u00e4rt, was sie bei den Sitzungen erwartet und erhalten Auskunft \u00fcber das gesetzliche Widerspruchsrecht und wie sich das Honorar zusammensetzt.\r\n\r\n6. Die Teilnehmer von Seminaren und Aufstellungen best\u00e4tigen bei der Anmeldung, dass sie psychisch und k\u00f6rperlich gesund sind. Renate Hechenberger \u00fcbernimmt keinerlei Haftung f\u00fcr evtl. auftauchende St\u00f6rungen und gesundheitliche Probleme im Zusammenhang mit den Sitzungen, Aufstellungen, Seminaren und CoReOn Gruppen. Eine Haftung f\u00fcr etwaige Personen-, Sach- oder Verm\u00f6genssch\u00e4den durch die Teilnahme an einem meiner Angebote ist hiermit ausgeschlossen.\r\n\r\n7. myHeart ist keine wissenschaftliche Institution oder \u00d6ffentliche Tr\u00e4gerschaft, sondern eine unabh\u00e4ngige, spirituelle Weiterbildungsst\u00e4tte zum Studium des H\u00f6heren Bewusstsein, der Feinstofflichen K\u00f6rper und Chakren.\r\n\r\n8. Ich distanziere mich ausdr\u00fccklich vor restriktivem Dogma oder begrenzenden Lehren und geh\u00f6re keiner \u201eSekte\u201c oder Glaubensgemeinschaft an.","_et_gb_content_width":"","footnotes":""},"class_list":["post-232172","page","type-page","status-publish","hentry"],"yoast_head":"<!-- This site is optimized with the Yoast SEO Premium plugin v25.8 (Yoast SEO v27.3) - https:\/\/yoast.com\/product\/yoast-seo-premium-wordpress\/ -->\n<title>IMPRESSUM - renatehechenberger.com<\/title>\n<meta name=\"description\" content=\"Rechtliche Informationen gem\u00e4\u00df \u00a75 ECG, Offenlegungspflicht, Anbieterkennzeichnung. Angaben zur Verantwortlichkeit, Kontakt und rechtlichen Rahmen f\u00fcr die Website renatehechenberger.com.\" \/>\n<meta name=\"robots\" content=\"noindex, nofollow\" \/>\n<meta property=\"og:locale\" content=\"en_GB\" \/>\n<meta property=\"og:type\" content=\"article\" \/>\n<meta property=\"og:title\" content=\"IMPRESSUM\" \/>\n<meta property=\"og:description\" content=\"Rechtliche Informationen gem\u00e4\u00df \u00a75 ECG, Offenlegungspflicht, Anbieterkennzeichnung. Angaben zur Verantwortlichkeit, Kontakt und rechtlichen Rahmen f\u00fcr die Website renatehechenberger.com.\" \/>\n<meta property=\"og:url\" content=\"https:\/\/renatehechenberger.com\/en\/impressum\/\" \/>\n<meta property=\"og:site_name\" content=\"renatehechenberger.com\" \/>\n<meta property=\"article:modified_time\" content=\"2025-12-28T08:31:02+00:00\" \/>\n<meta property=\"og:image\" content=\"https:\/\/www.wkoecg.at\/Web\/Library\/img\/ecg.gif\" \/>\n<meta name=\"twitter:card\" content=\"summary_large_image\" \/>\n<meta name=\"twitter:label1\" content=\"Estimated reading time\" \/>\n\t<meta name=\"twitter:data1\" content=\"2 minutes\" \/>\n<script type=\"application\/ld+json\" class=\"yoast-schema-graph\">{\"@context\":\"https:\\\/\\\/schema.org\",\"@graph\":[{\"@type\":\"WebPage\",\"@id\":\"https:\\\/\\\/renatehechenberger.com\\\/impressum\\\/\",\"url\":\"https:\\\/\\\/renatehechenberger.com\\\/impressum\\\/\",\"name\":\"IMPRESSUM - renatehechenberger.com\",\"isPartOf\":{\"@id\":\"https:\\\/\\\/renatehechenberger.com\\\/#website\"},\"primaryImageOfPage\":{\"@id\":\"https:\\\/\\\/renatehechenberger.com\\\/impressum\\\/#primaryimage\"},\"image\":{\"@id\":\"https:\\\/\\\/renatehechenberger.com\\\/impressum\\\/#primaryimage\"},\"thumbnailUrl\":\"https:\\\/\\\/www.wkoecg.at\\\/Web\\\/Library\\\/img\\\/ecg.gif\",\"datePublished\":\"2015-06-22T11:46:09+00:00\",\"dateModified\":\"2025-12-28T08:31:02+00:00\",\"description\":\"Rechtliche Informationen gem\u00e4\u00df \u00a75 ECG, Offenlegungspflicht, Anbieterkennzeichnung. Angaben zur Verantwortlichkeit, Kontakt und rechtlichen Rahmen f\u00fcr die Website renatehechenberger.com.\",\"breadcrumb\":{\"@id\":\"https:\\\/\\\/renatehechenberger.com\\\/impressum\\\/#breadcrumb\"},\"inLanguage\":\"en-GB\",\"potentialAction\":[{\"@type\":\"ReadAction\",\"target\":[\"https:\\\/\\\/renatehechenberger.com\\\/impressum\\\/\"]}]},{\"@type\":\"ImageObject\",\"inLanguage\":\"en-GB\",\"@id\":\"https:\\\/\\\/renatehechenberger.com\\\/impressum\\\/#primaryimage\",\"url\":\"https:\\\/\\\/www.wkoecg.at\\\/Web\\\/Library\\\/img\\\/ecg.gif\",\"contentUrl\":\"https:\\\/\\\/www.wkoecg.at\\\/Web\\\/Library\\\/img\\\/ecg.gif\"},{\"@type\":\"BreadcrumbList\",\"@id\":\"https:\\\/\\\/renatehechenberger.com\\\/impressum\\\/#breadcrumb\",\"itemListElement\":[{\"@type\":\"ListItem\",\"position\":1,\"name\":\"Home\",\"item\":\"https:\\\/\\\/renatehechenberger.com\\\/\"},{\"@type\":\"ListItem\",\"position\":2,\"name\":\"IMPRESSUM\"}]},{\"@type\":\"WebSite\",\"@id\":\"https:\\\/\\\/renatehechenberger.com\\\/#website\",\"url\":\"https:\\\/\\\/renatehechenberger.com\\\/\",\"name\":\"renatehechenberger.com\",\"description\":\"Female Power Architect \u2013 f\u00fcr Frauen in Leadership &amp; Transition\",\"potentialAction\":[{\"@type\":\"SearchAction\",\"target\":{\"@type\":\"EntryPoint\",\"urlTemplate\":\"https:\\\/\\\/renatehechenberger.com\\\/?s={search_term_string}\"},\"query-input\":{\"@type\":\"PropertyValueSpecification\",\"valueRequired\":true,\"valueName\":\"search_term_string\"}}],\"inLanguage\":\"en-GB\"}]}<\/script>\n<!-- \/ Yoast SEO Premium plugin. -->","yoast_head_json":{"title":"IMPRESSUM - renatehechenberger.com","description":"Rechtliche Informationen gem\u00e4\u00df \u00a75 ECG, Offenlegungspflicht, Anbieterkennzeichnung. Angaben zur Verantwortlichkeit, Kontakt und rechtlichen Rahmen f\u00fcr die Website renatehechenberger.com.","robots":{"index":"noindex","follow":"nofollow"},"og_locale":"en_GB","og_type":"article","og_title":"IMPRESSUM","og_description":"Rechtliche Informationen gem\u00e4\u00df \u00a75 ECG, Offenlegungspflicht, Anbieterkennzeichnung. Angaben zur Verantwortlichkeit, Kontakt und rechtlichen Rahmen f\u00fcr die Website renatehechenberger.com.","og_url":"https:\/\/renatehechenberger.com\/en\/impressum\/","og_site_name":"renatehechenberger.com","article_modified_time":"2025-12-28T08:31:02+00:00","og_image":[{"url":"https:\/\/www.wkoecg.at\/Web\/Library\/img\/ecg.gif","type":"","width":"","height":""}],"twitter_card":"summary_large_image","twitter_misc":{"Estimated reading time":"2 minutes"},"schema":{"@context":"https:\/\/schema.org","@graph":[{"@type":"WebPage","@id":"https:\/\/renatehechenberger.com\/impressum\/","url":"https:\/\/renatehechenberger.com\/impressum\/","name":"IMPRESSUM - renatehechenberger.com","isPartOf":{"@id":"https:\/\/renatehechenberger.com\/#website"},"primaryImageOfPage":{"@id":"https:\/\/renatehechenberger.com\/impressum\/#primaryimage"},"image":{"@id":"https:\/\/renatehechenberger.com\/impressum\/#primaryimage"},"thumbnailUrl":"https:\/\/www.wkoecg.at\/Web\/Library\/img\/ecg.gif","datePublished":"2015-06-22T11:46:09+00:00","dateModified":"2025-12-28T08:31:02+00:00","description":"Rechtliche Informationen gem\u00e4\u00df \u00a75 ECG, Offenlegungspflicht, Anbieterkennzeichnung. Angaben zur Verantwortlichkeit, Kontakt und rechtlichen Rahmen f\u00fcr die Website renatehechenberger.com.","breadcrumb":{"@id":"https:\/\/renatehechenberger.com\/impressum\/#breadcrumb"},"inLanguage":"en-GB","potentialAction":[{"@type":"ReadAction","target":["https:\/\/renatehechenberger.com\/impressum\/"]}]},{"@type":"ImageObject","inLanguage":"en-GB","@id":"https:\/\/renatehechenberger.com\/impressum\/#primaryimage","url":"https:\/\/www.wkoecg.at\/Web\/Library\/img\/ecg.gif","contentUrl":"https:\/\/www.wkoecg.at\/Web\/Library\/img\/ecg.gif"},{"@type":"BreadcrumbList","@id":"https:\/\/renatehechenberger.com\/impressum\/#breadcrumb","itemListElement":[{"@type":"ListItem","position":1,"name":"Home","item":"https:\/\/renatehechenberger.com\/"},{"@type":"ListItem","position":2,"name":"IMPRESSUM"}]},{"@type":"WebSite","@id":"https:\/\/renatehechenberger.com\/#website","url":"https:\/\/renatehechenberger.com\/","name":"renatehechenberger.com","description":"Female Power Architect \u2013 f\u00fcr Frauen in Leadership &amp; Transition","potentialAction":[{"@type":"SearchAction","target":{"@type":"EntryPoint","urlTemplate":"https:\/\/renatehechenberger.com\/?s={search_term_string}"},"query-input":{"@type":"PropertyValueSpecification","valueRequired":true,"valueName":"search_term_string"}}],"inLanguage":"en-GB"}]}},"_links":{"self":[{"href":"https:\/\/renatehechenberger.com\/en\/wp-json\/wp\/v2\/pages\/232172","targetHints":{"allow":["GET"]}}],"collection":[{"href":"https:\/\/renatehechenberger.com\/en\/wp-json\/wp\/v2\/pages"}],"about":[{"href":"https:\/\/renatehechenberger.com\/en\/wp-json\/wp\/v2\/types\/page"}],"author":[{"embeddable":true,"href":"https:\/\/renatehechenberger.com\/en\/wp-json\/wp\/v2\/users\/1"}],"replies":[{"embeddable":true,"href":"https:\/\/renatehechenberger.com\/en\/wp-json\/wp\/v2\/comments?post=232172"}],"version-history":[{"count":32,"href":"https:\/\/renatehechenberger.com\/en\/wp-json\/wp\/v2\/pages\/232172\/revisions"}],"predecessor-version":[{"id":249920,"href":"https:\/\/renatehechenberger.com\/en\/wp-json\/wp\/v2\/pages\/232172\/revisions\/249920"}],"wp:attachment":[{"href":"https:\/\/renatehechenberger.com\/en\/wp-json\/wp\/v2\/media?parent=232172"}],"curies":[{"name":"wp","href":"https:\/\/api.w.org\/{rel}","templated":true}]}}