{"id":241120,"date":"2023-08-30T16:34:04","date_gmt":"2023-08-30T14:34:04","guid":{"rendered":"https:\/\/renatehechenberger.com\/?page_id=241120"},"modified":"2026-04-05T16:27:20","modified_gmt":"2026-04-05T14:27:20","slug":"blog","status":"publish","type":"page","link":"https:\/\/renatehechenberger.com\/en\/blog\/","title":{"rendered":"Blog."},"content":{"rendered":"<p>[et_pb_section fb_built=&#8220;1&#8243; fullwidth=&#8220;on&#8220; custom_padding_last_edited=&#8220;on|phone&#8220; disabled_on=&#8220;off|off|off&#8220; admin_label=&#8220;Hero Section&#8220; _builder_version=&#8220;4.27.4&#8243; background_color=&#8220;#24101a&#8220; use_background_color_gradient=&#8220;on&#8220; background_color_gradient_stops=&#8220;rgba(255,255,255,0) 0%|rgba(255,255,255,0) 100%&#8220; custom_margin=&#8220;-120px||||false|false&#8220; custom_margin_tablet=&#8220;-120px||||false|false&#8220; custom_margin_phone=&#8220;-60px||||false|false&#8220; custom_margin_last_edited=&#8220;on|phone&#8220; custom_padding=&#8220;132px|0px|27px|0px|false|false&#8220; custom_padding_tablet=&#8220;132px|0px|22px|0px|false|false&#8220; custom_padding_phone=&#8220;0px|0px|22px|0px|false|false&#8220; bottom_divider_color=&#8220;#f6f3f1&#8243; bottom_divider_height=&#8220;52px&#8220; global_colors_info=&#8220;{}&#8220;][et_pb_fullwidth_header title=&#8220;Renate schreibt&#8220; subhead=&#8220;Wo Worte Felder \u00f6ffnen &#8220; text_orientation=&#8220;center&#8220; background_overlay_color=&#8220;RGBA(255,255,255,0)&#8220; content_max_width=&#8220;550px&#8220; header_image_url_tablet=&#8220;&#8220; header_image_url_phone=&#8220;&#8220; header_image_url_last_edited=&#8220;on|desktop&#8220; admin_label=&#8220;Vollbreite Kopfzeile&#8220; _builder_version=&#8220;4.27.4&#8243; title_font=&#8220;&#8211;et_global_heading_font|700||||on|||&#8220; title_text_align=&#8220;center&#8220; title_text_color=&#8220;#FFFFFF&#8220; title_font_size=&#8220;46px&#8220; title_letter_spacing=&#8220;2px&#8220; title_line_height=&#8220;1.4em&#8220; content_font=&#8220;||||||||&#8220; content_text_color=&#8220;#ffffff&#8220; content_font_size=&#8220;21px&#8220; content_letter_spacing=&#8220;1px&#8220; content_line_height=&#8220;2em&#8220; subhead_font=&#8220;|||||on|||&#8220; subhead_text_color=&#8220;#D29B83&#8243; subhead_font_size=&#8220;26px&#8220; subhead_line_height=&#8220;1.4em&#8220; background_color=&#8220;RGBA(255,255,255,0)&#8220; background_enable_image=&#8220;off&#8220; custom_button_one=&#8220;on&#8220; button_one_border_width=&#8220;1px&#8220; button_one_border_color=&#8220;rgba(255,255,255,0.3)&#8220; button_one_border_radius=&#8220;0px&#8220; button_one_letter_spacing=&#8220;1px&#8220; button_one_font=&#8220;Saira Extra Condensed|600||on|||||&#8220; button_one_icon=&#8220;&#x24;||divi||400&#8243; button_one_icon_color=&#8220;#edbb5f&#8220; custom_button_two=&#8220;on&#8220; button_two_border_width=&#8220;1px&#8220; button_two_border_color=&#8220;rgba(255,255,255,0.3)&#8220; button_two_border_radius=&#8220;0px&#8220; button_two_letter_spacing=&#8220;1px&#8220; button_two_font=&#8220;Saira Extra Condensed|600||on|||||&#8220; button_two_icon=&#8220;&#x24;||divi||400&#8243; button_two_icon_color=&#8220;#edbb5f&#8220; module_alignment=&#8220;right&#8220; custom_margin=&#8220;40px||||false|false&#8220; custom_padding=&#8220;0%|20px|146px|20px|false|false&#8220; custom_padding_tablet=&#8220;0%|20px|146px|20px|false|false&#8220; custom_padding_phone=&#8220;0%|0px|60px|0px|false|true&#8220; custom_padding_last_edited=&#8220;on|phone&#8220; title_font_size_tablet=&#8220;44px&#8220; title_font_size_phone=&#8220;21px&#8220; title_font_size_last_edited=&#8220;on|tablet&#8220; content_font_size_tablet=&#8220;21px&#8220; content_font_size_phone=&#8220;15px&#8220; content_font_size_last_edited=&#8220;on|phone&#8220; box_shadow_style=&#8220;preset6&#8243; box_shadow_blur=&#8220;43px&#8220; box_shadow_spread=&#8220;-12px&#8220; box_shadow_color=&#8220;RGBA(255,255,255,0)&#8220; button_one_text_color_hover=&#8220;#edbb5f&#8220; button_two_text_color_hover=&#8220;#edbb5f&#8220; button_one_bg_color_hover=&#8220;rgba(0,0,0,0)&#8220; button_two_bg_color_hover=&#8220;rgba(0,0,0,0)&#8220; global_colors_info=&#8220;{}&#8220; button_one_text_size__hover_enabled=&#8220;off&#8220; button_two_text_size__hover_enabled=&#8220;off&#8220; button_one_text_color__hover_enabled=&#8220;on&#8220; button_one_text_color__hover=&#8220;#edbb5f&#8220; button_two_text_color__hover_enabled=&#8220;on&#8220; button_two_text_color__hover=&#8220;#edbb5f&#8220; button_one_border_width__hover_enabled=&#8220;off&#8220; button_two_border_width__hover_enabled=&#8220;off&#8220; button_one_border_color__hover_enabled=&#8220;off&#8220; button_two_border_color__hover_enabled=&#8220;off&#8220; button_one_border_radius__hover_enabled=&#8220;off&#8220; button_two_border_radius__hover_enabled=&#8220;off&#8220; button_one_letter_spacing__hover_enabled=&#8220;off&#8220; button_two_letter_spacing__hover_enabled=&#8220;off&#8220; button_one_bg_color__hover_enabled=&#8220;on&#8220; button_one_bg_color__hover=&#8220;rgba(0,0,0,0)&#8220; button_two_bg_color__hover_enabled=&#8220;on&#8220; button_two_bg_color__hover=&#8220;rgba(0,0,0,0)&#8220;]<\/p>\n<p>The home of the Orchard Letters \u2014<br data-start=\"395\" data-end=\"398\" \/>and of deep writings on power, presence and the inner architecture of female leadership.<\/p>\n<p>[\/et_pb_fullwidth_header][\/et_pb_section][et_pb_section fb_built=&#8220;1&#8243; admin_label=&#8220;Blog&#8220; _builder_version=&#8220;4.27.4&#8243; background_color=&#8220;RGBA(255,255,255,0)&#8220; custom_padding=&#8220;100px|0px|100px|0px&#8220; global_colors_info=&#8220;{}&#8220;][et_pb_row column_structure=&#8220;2_3,1_3&#8243; _builder_version=&#8220;4.25.2&#8243; z_index=&#8220;500&#8243; width=&#8220;90%&#8220; max_width=&#8220;1440px&#8220; use_custom_width=&#8220;on&#8220; custom_width_px=&#8220;1440px&#8220; global_colors_info=&#8220;{}&#8220;][et_pb_column type=&#8220;2_3&#8243; _builder_version=&#8220;4.16&#8243; custom_padding=&#8220;|||&#8220; global_colors_info=&#8220;{}&#8220; custom_padding__hover=&#8220;|||&#8220;][et_pb_blog fullwidth=&#8220;off&#8220; include_categories=&#8220;all&#8220; meta_date=&#8220;D, M, Y&#8220; excerpt_length=&#8220;100&#8243; show_more=&#8220;on&#8220; show_date=&#8220;off&#8220; _builder_version=&#8220;4.27.5&#8243; header_font=&#8220;|700|||||||&#8220; header_text_color=&#8220;#2E2E2E&#8220; header_font_size=&#8220;20px&#8220; header_line_height=&#8220;1.4em&#8220; body_font=&#8220;||||||||&#8220; body_font_size=&#8220;16px&#8220; body_line_height=&#8220;2em&#8220; meta_font=&#8220;|600||on|||||&#8220; meta_text_color=&#8220;#D29B83&#8243; meta_font_size=&#8220;14px&#8220; meta_letter_spacing=&#8220;1px&#8220; meta_line_height=&#8220;2em&#8220; read_more_font=&#8220;|600|||||||&#8220; read_more_text_color=&#8220;#D29B83&#8243; pagination_font=&#8220;|600||on|||||&#8220; pagination_text_color=&#8220;#333333&#8243; pagination_font_size=&#8220;16px&#8220; pagination_letter_spacing=&#8220;1px&#8220; pagination_line_height=&#8220;2em&#8220; background_color=&#8220;RGBA(255,255,255,0)&#8220; z_index=&#8220;500&#8243; text_orientation=&#8220;center&#8220; custom_margin=&#8220;-200px|||&#8220; custom_padding=&#8220;|||&#8220; custom_padding_phone=&#8220;|40px||40px&#8220; custom_padding_last_edited=&#8220;off|desktop&#8220; animation_style=&#8220;slide&#8220; animation_direction=&#8220;bottom&#8220; animation_intensity_slide=&#8220;3%&#8220; animation_starting_opacity=&#8220;100%&#8220; border_radii=&#8220;on|8px|8px|8px|8px&#8220; border_width_all=&#8220;0px&#8220; box_shadow_style=&#8220;preset3&#8243; box_shadow_vertical=&#8220;15px&#8220; box_shadow_blur=&#8220;80px&#8220; box_shadow_color=&#8220;rgba(0,0,0,0.2)&#8220; global_colors_info=&#8220;{}&#8220;][\/et_pb_blog][\/et_pb_column][et_pb_column type=&#8220;1_3&#8243; _builder_version=&#8220;4.16&#8243; custom_padding=&#8220;|||&#8220; global_colors_info=&#8220;{}&#8220; custom_padding__hover=&#8220;|||&#8220;][et_pb_text _builder_version=&#8220;4.27.5&#8243; _module_preset=&#8220;default&#8220; text_font_size=&#8220;16px&#8220; header_3_font=&#8220;|||||on|||&#8220; header_3_text_color=&#8220;#7e5a66&#8243; header_3_font_size=&#8220;26px&#8220; background_color=&#8220;#f0ebe6&#8243; custom_padding=&#8220;30px|30px|30px|30px|false|false&#8220; hover_enabled=&#8220;0&#8243; global_colors_info=&#8220;{}&#8220; sticky_enabled=&#8220;0&#8243;]<\/p>\n<h3 data-start=\"475\" data-end=\"499\"><strong data-start=\"479\" data-end=\"499\">About these writings \ud83c\udf3c<\/strong><\/h3>\n<p class=\"p1\">All blog articles and Orchard Letters on this site <b>are published in German only.<\/b><b><\/b><\/p>\n<p class=\"p1\">If you would like to read my Orchard Letters in English, you can find them on \u2192 <span style=\"color: #800080;\"><a href=\"https:\/\/www.linkedin.com\/newsletters\/7371499383462354944\/\" style=\"color: #800080;\"><span class=\"s1\">LinkedIn<\/span><\/a><\/span><\/p>\n<p>[\/et_pb_text][et_pb_signup provider=&#8220;mailerlite&#8220; mailerlite_list=&#8220;Mailerlite &#8211; Ebook|175928792256088024&#8243; name_field=&#8220;on&#8220; success_action=&#8220;redirect&#8220; success_redirect_url=&#8220;https:\/\/renatehechenberger.com\/newsletter-bestaetigung\/&#8220; title=&#8220;Bleib verbunden \ud83c\udf33&#8220; button_text=&#8220;Blog abonnieren&#8220; description=&#8220;<\/p>\n<p class=\"%22p1%22\">If you would like to be informed when a new Orchard Letter or article is published, you are welcome to follow my newsletter.<\/p>\n<p class=\"%22p1%22\">The content is written in German, and updates are sent on a regular basis.<\/p>\n<p>&#8220; _builder_version=&#8220;4.27.5&#8243; _module_preset=&#8220;default&#8220; header_level=&#8220;h3&#8243; header_font=&#8220;|||||on|||&#8220; header_text_color=&#8220;#7e5a66&#8243; header_font_size=&#8220;28px&#8220; body_text_color=&#8220;#55484b&#8220; body_font_size=&#8220;16px&#8220; background_color=&#8220;#f0ebe6&#8243; custom_button=&#8220;on&#8220; button_text_size=&#8220;18px&#8220; button_text_color=&#8220;#FFFAF2&#8243; button_bg_color=&#8220;#7e5a66&#8243; button_border_width=&#8220;0px&#8220; button_border_radius=&#8220;8px&#8220; button_use_icon=&#8220;off&#8220; custom_padding=&#8220;30px|30px|30px|30px|false|false&#8220; hover_enabled=&#8220;0&#8243; border_radii=&#8220;on|8px|8px|8px|8px&#8220; global_module=&#8220;248701&#8243; saved_tabs=&#8220;all&#8220; global_colors_info=&#8220;{}&#8220; sticky_enabled=&#8220;0&#8243;][\/et_pb_signup][et_pb_blurb title=&#8220;Bleib verbunden \ud83c\udf33&#8220; image=&#8220;https:\/\/renatehechenberger.com\/wp-content\/uploads\/2025\/10\/e-book-cover-13-207&#215;300.jpg&#8220; disabled_on=&#8220;on|on|on&#8220; admin_label=&#8220;E-Book Abo&#8220; _builder_version=&#8220;4.27.4&#8243; _module_preset=&#8220;default&#8220; background_color=&#8220;#cfa893&#8243; transform_rotate=&#8220;-2deg|0deg|0deg&#8220; custom_padding=&#8220;60px|20px|40px|30px|false|false&#8220; border_radii=&#8220;on|8px|8px|8px|8px&#8220; disabled=&#8220;on&#8220; global_colors_info=&#8220;{}&#8220;]<\/p>\n<p>Wenn dich diese Gedanken ber\u00fchren, kannst du meinen Blog abonnieren \u2013 f\u00fcr neue Essays \u00fcber Frauen, Macht und F\u00fchrung aus Tiefe.<\/p>\n<p>[\/et_pb_blurb][et_pb_sidebar _builder_version=&#8220;4.27.4&#8243; header_font=&#8220;|600||on|||||&#8220; header_text_color=&#8220;#D29B83&#8243; header_font_size=&#8220;20px&#8220; header_letter_spacing=&#8220;1px&#8220; header_line_height=&#8220;1.3em&#8220; body_font=&#8220;||||||||&#8220; body_text_color=&#8220;#666666&#8243; body_line_height=&#8220;2em&#8220; background_color=&#8220;RGBA(255,255,255,0)&#8220; background_enable_image=&#8220;off&#8220; custom_padding=&#8220;|||&#8220; custom_padding_tablet=&#8220;|||0px&#8220; custom_padding_last_edited=&#8220;off|desktop&#8220; border_style_all=&#8220;none&#8220; global_colors_info=&#8220;{}&#8220;][\/et_pb_sidebar][et_pb_code _builder_version=&#8220;4.27.0&#8243; _module_preset=&#8220;default&#8220; global_colors_info=&#8220;{}&#8220;]<script src=\"https:\/\/platform.linkedin.com\/badges\/js\/profile.js\" async defer type=\"text\/javascript\"><\/script>[\/et_pb_code][\/et_pb_column][\/et_pb_row][\/et_pb_section]<\/p>","protected":false},"excerpt":{"rendered":"<p>Die Heimat der Orchard Letters \u2014und tiefgehender Texte \u00fcber Macht, Pr\u00e4senz und die innere Architektur weiblicher F\u00fchrung.\u00dcber diese Texte \ud83c\udf3c Alle Blog-Artikel und Orchard Letters auf dieser Seite erscheinen ausschlie\u00dflich auf Deutsch. Wenn Sie meine Orchard Letters auf Englisch lesen m\u00f6chten, finden Sie diese auf \u2192 LinkedInWenn dich diese Gedanken ber\u00fchren, kannst du meinen Blog [&hellip;]<\/p>","protected":false},"author":2,"featured_media":0,"parent":0,"menu_order":0,"comment_status":"closed","ping_status":"closed","template":"","meta":{"_et_pb_use_builder":"on","_et_pb_old_content":"","_et_gb_content_width":"","footnotes":""},"class_list":["post-241120","page","type-page","status-publish","hentry"],"yoast_head":"<!-- This site is optimized with the Yoast SEO Premium plugin v25.8 (Yoast SEO v27.3) - https:\/\/yoast.com\/product\/yoast-seo-premium-wordpress\/ -->\n<title>Blog - renatehechenberger.com<\/title>\n<meta name=\"description\" content=\"Kein Coaching-Content. Keine To-do-Tipps. Nur Worte, die tragen. F\u00fcr Frauen, die ihre Wahrheit in die Welt bringen.\" \/>\n<meta name=\"robots\" content=\"index, follow, max-snippet:-1, max-image-preview:large, max-video-preview:-1\" \/>\n<link rel=\"canonical\" href=\"https:\/\/renatehechenberger.com\/en\/blog\/\" \/>\n<meta property=\"og:locale\" content=\"en_GB\" \/>\n<meta property=\"og:type\" content=\"article\" \/>\n<meta property=\"og:title\" content=\"Blog\" \/>\n<meta property=\"og:description\" content=\"Kein Coaching-Content. Keine To-do-Tipps. Nur Worte, die tragen. F\u00fcr Frauen, die ihre Wahrheit in die Welt bringen.\" \/>\n<meta property=\"og:url\" content=\"https:\/\/renatehechenberger.com\/en\/blog\/\" \/>\n<meta property=\"og:site_name\" content=\"renatehechenberger.com\" \/>\n<meta property=\"article:modified_time\" content=\"2026-04-05T14:27:20+00:00\" \/>\n<meta name=\"twitter:card\" content=\"summary_large_image\" \/>\n<meta name=\"twitter:label1\" content=\"Estimated reading time\" \/>\n\t<meta name=\"twitter:data1\" content=\"5 minutes\" \/>\n<script type=\"application\/ld+json\" class=\"yoast-schema-graph\">{\"@context\":\"https:\\\/\\\/schema.org\",\"@graph\":[{\"@type\":\"WebPage\",\"@id\":\"https:\\\/\\\/renatehechenberger.com\\\/blog\\\/\",\"url\":\"https:\\\/\\\/renatehechenberger.com\\\/blog\\\/\",\"name\":\"Blog - renatehechenberger.com\",\"isPartOf\":{\"@id\":\"https:\\\/\\\/renatehechenberger.com\\\/#website\"},\"datePublished\":\"2023-08-30T14:34:04+00:00\",\"dateModified\":\"2026-04-05T14:27:20+00:00\",\"description\":\"Kein Coaching-Content. Keine To-do-Tipps. Nur Worte, die tragen. F\u00fcr Frauen, die ihre Wahrheit in die Welt bringen.\",\"breadcrumb\":{\"@id\":\"https:\\\/\\\/renatehechenberger.com\\\/blog\\\/#breadcrumb\"},\"inLanguage\":\"en-GB\",\"potentialAction\":[{\"@type\":\"ReadAction\",\"target\":[\"https:\\\/\\\/renatehechenberger.com\\\/blog\\\/\"]}]},{\"@type\":\"BreadcrumbList\",\"@id\":\"https:\\\/\\\/renatehechenberger.com\\\/blog\\\/#breadcrumb\",\"itemListElement\":[{\"@type\":\"ListItem\",\"position\":1,\"name\":\"Home\",\"item\":\"https:\\\/\\\/renatehechenberger.com\\\/\"},{\"@type\":\"ListItem\",\"position\":2,\"name\":\"Blog\"}]},{\"@type\":\"WebSite\",\"@id\":\"https:\\\/\\\/renatehechenberger.com\\\/#website\",\"url\":\"https:\\\/\\\/renatehechenberger.com\\\/\",\"name\":\"renatehechenberger.com\",\"description\":\"Female Power Architect \u2013 f\u00fcr Frauen in Leadership &amp; Transition\",\"potentialAction\":[{\"@type\":\"SearchAction\",\"target\":{\"@type\":\"EntryPoint\",\"urlTemplate\":\"https:\\\/\\\/renatehechenberger.com\\\/?s={search_term_string}\"},\"query-input\":{\"@type\":\"PropertyValueSpecification\",\"valueRequired\":true,\"valueName\":\"search_term_string\"}}],\"inLanguage\":\"en-GB\"}]}<\/script>\n<!-- \/ Yoast SEO Premium plugin. -->","yoast_head_json":{"title":"Blog - renatehechenberger.com","description":"Kein Coaching-Content. Keine To-do-Tipps. Nur Worte, die tragen. F\u00fcr Frauen, die ihre Wahrheit in die Welt bringen.","robots":{"index":"index","follow":"follow","max-snippet":"max-snippet:-1","max-image-preview":"max-image-preview:large","max-video-preview":"max-video-preview:-1"},"canonical":"https:\/\/renatehechenberger.com\/en\/blog\/","og_locale":"en_GB","og_type":"article","og_title":"Blog","og_description":"Kein Coaching-Content. Keine To-do-Tipps. Nur Worte, die tragen. F\u00fcr Frauen, die ihre Wahrheit in die Welt bringen.","og_url":"https:\/\/renatehechenberger.com\/en\/blog\/","og_site_name":"renatehechenberger.com","article_modified_time":"2026-04-05T14:27:20+00:00","twitter_card":"summary_large_image","twitter_misc":{"Estimated reading time":"5 minutes"},"schema":{"@context":"https:\/\/schema.org","@graph":[{"@type":"WebPage","@id":"https:\/\/renatehechenberger.com\/blog\/","url":"https:\/\/renatehechenberger.com\/blog\/","name":"Blog - renatehechenberger.com","isPartOf":{"@id":"https:\/\/renatehechenberger.com\/#website"},"datePublished":"2023-08-30T14:34:04+00:00","dateModified":"2026-04-05T14:27:20+00:00","description":"Kein Coaching-Content. Keine To-do-Tipps. Nur Worte, die tragen. F\u00fcr Frauen, die ihre Wahrheit in die Welt bringen.","breadcrumb":{"@id":"https:\/\/renatehechenberger.com\/blog\/#breadcrumb"},"inLanguage":"en-GB","potentialAction":[{"@type":"ReadAction","target":["https:\/\/renatehechenberger.com\/blog\/"]}]},{"@type":"BreadcrumbList","@id":"https:\/\/renatehechenberger.com\/blog\/#breadcrumb","itemListElement":[{"@type":"ListItem","position":1,"name":"Home","item":"https:\/\/renatehechenberger.com\/"},{"@type":"ListItem","position":2,"name":"Blog"}]},{"@type":"WebSite","@id":"https:\/\/renatehechenberger.com\/#website","url":"https:\/\/renatehechenberger.com\/","name":"renatehechenberger.com","description":"Female Power Architect \u2013 f\u00fcr Frauen in Leadership &amp; Transition","potentialAction":[{"@type":"SearchAction","target":{"@type":"EntryPoint","urlTemplate":"https:\/\/renatehechenberger.com\/?s={search_term_string}"},"query-input":{"@type":"PropertyValueSpecification","valueRequired":true,"valueName":"search_term_string"}}],"inLanguage":"en-GB"}]}},"_links":{"self":[{"href":"https:\/\/renatehechenberger.com\/en\/wp-json\/wp\/v2\/pages\/241120","targetHints":{"allow":["GET"]}}],"collection":[{"href":"https:\/\/renatehechenberger.com\/en\/wp-json\/wp\/v2\/pages"}],"about":[{"href":"https:\/\/renatehechenberger.com\/en\/wp-json\/wp\/v2\/types\/page"}],"author":[{"embeddable":true,"href":"https:\/\/renatehechenberger.com\/en\/wp-json\/wp\/v2\/users\/2"}],"replies":[{"embeddable":true,"href":"https:\/\/renatehechenberger.com\/en\/wp-json\/wp\/v2\/comments?post=241120"}],"version-history":[{"count":227,"href":"https:\/\/renatehechenberger.com\/en\/wp-json\/wp\/v2\/pages\/241120\/revisions"}],"predecessor-version":[{"id":250781,"href":"https:\/\/renatehechenberger.com\/en\/wp-json\/wp\/v2\/pages\/241120\/revisions\/250781"}],"wp:attachment":[{"href":"https:\/\/renatehechenberger.com\/en\/wp-json\/wp\/v2\/media?parent=241120"}],"curies":[{"name":"wp","href":"https:\/\/api.w.org\/{rel}","templated":true}]}}