{"id":246060,"date":"2025-06-08T18:36:35","date_gmt":"2025-06-08T16:36:35","guid":{"rendered":"https:\/\/renatehechenberger.com\/?page_id=246060"},"modified":"2026-04-05T16:34:05","modified_gmt":"2026-04-05T14:34:05","slug":"e-book","status":"publish","type":"page","link":"https:\/\/renatehechenberger.com\/en\/e-book\/","title":{"rendered":"E-Book"},"content":{"rendered":"<p>[et_pb_section fb_built=&#8220;1&#8243; _builder_version=&#8220;4.27.4&#8243; _module_preset=&#8220;default&#8220; background_color=&#8220;RGBA(255,255,255,0)&#8220; use_background_color_gradient=&#8220;on&#8220; background_color_gradient_stops=&#8220;#5e494d 0%|#8a726e 60%|#e8d9c9 100%&#8220; global_colors_info=&#8220;{}&#8220;][et_pb_row column_structure=&#8220;1_2,1_2&#8243; _builder_version=&#8220;4.27.4&#8243; _module_preset=&#8220;default&#8220; global_colors_info=&#8220;{}&#8220;][et_pb_column type=&#8220;1_2&#8243; _builder_version=&#8220;4.27.4&#8243; _module_preset=&#8220;default&#8220; global_colors_info=&#8220;{}&#8220;][et_pb_text _builder_version=&#8220;4.27.4&#8243; text_font=&#8220;&#8211;et_global_heading_font||||||||&#8220; text_text_color=&#8220;#ffffff&#8220; text_font_size=&#8220;20px&#8220; header_font=&#8220;&#8211;et_global_heading_font|300||on|||||&#8220; header_text_color=&#8220;#E8D9C9&#8243; header_font_size=&#8220;44px&#8220; header_line_height=&#8220;1.2em&#8220; header_3_text_color=&#8220;#FFFAF2&#8243; header_3_font_size=&#8220;25px&#8220; custom_margin=&#8220;100px||0px||false|false&#8220; custom_margin_tablet=&#8220;100px||0px||false|false&#8220; custom_margin_phone=&#8220;20px||0px||false|false&#8220; custom_margin_last_edited=&#8220;on|phone&#8220; custom_padding=&#8220;20px||20px||true|false&#8220; custom_padding_tablet=&#8220;17px||17px||true|&#8220; custom_padding_phone=&#8220;0px||0px||true|false&#8220; custom_padding_last_edited=&#8220;on|phone&#8220; header_text_align_tablet=&#8220;&#8220; header_text_align_phone=&#8220;center&#8220; header_text_align_last_edited=&#8220;on|phone&#8220; header_font_size_tablet=&#8220;52px&#8220; header_font_size_phone=&#8220;27px&#8220; header_font_size_last_edited=&#8220;on|desktop&#8220; header_3_font_size_tablet=&#8220;26px&#8220; header_3_font_size_phone=&#8220;23px&#8220; header_3_font_size_last_edited=&#8220;on|desktop&#8220; global_colors_info=&#8220;{}&#8220;]<\/p>\n<h1 style=\"text-align: left;\">Unapologetic Power<\/h1>\n<p>[\/et_pb_text][et_pb_divider color=&#8220;#d29b83&#8243; _builder_version=&#8220;4.27.5&#8243; _module_preset=&#8220;default&#8220; background_color=&#8220;RGBA(255,255,255,0)&#8220; width=&#8220;70%&#8220; width_tablet=&#8220;60%&#8220; width_phone=&#8220;96%&#8220; width_last_edited=&#8220;on|phone&#8220; max_width=&#8220;100%&#8220; custom_margin=&#8220;||11px|||&#8220; hover_enabled=&#8220;0&#8243; global_colors_info=&#8220;{}&#8220; sticky_enabled=&#8220;0&#8243;][\/et_pb_divider][et_pb_text _builder_version=&#8220;4.27.5&#8243; _module_preset=&#8220;default&#8220; text_font=&#8220;|600|||||||&#8220; text_text_color=&#8220;#FFFAF2&#8243; text_font_size=&#8220;22px&#8220; header_3_text_color=&#8220;#FFFAF2&#8243; global_colors_info=&#8220;{}&#8220;]<\/p>\n<p>An invitation to see power anew \u2014 for women <br \/>who do not avoid it, but shape it into new form.<\/p>\n<p>[\/et_pb_text][et_pb_text _builder_version=&#8220;4.27.5&#8243; _module_preset=&#8220;default&#8220; text_text_color=&#8220;#FFFAF2&#8243; text_font_size=&#8220;20px&#8220; custom_margin=&#8220;||-2px|||&#8220; custom_padding=&#8220;||30px||false|false&#8220; hover_enabled=&#8220;0&#8243; global_colors_info=&#8220;{}&#8220; sticky_enabled=&#8220;0&#8243;]<\/p>\n<p class=\"p1\">Your power was never gone.<br \/>It was contained, adapted, shaped into systems.<br \/>Now it is time to reclaim it \u2014 clearly, consciously, in your own form.<\/p>\n<p>[\/et_pb_text][et_pb_signup provider=&#8220;mailerlite&#8220; mailerlite_list=&#8220;Mailerlite &#8211; Ebook|175928523213506118&#8243; name_field=&#8220;on&#8220; success_action=&#8220;redirect&#8220; success_redirect_url=&#8220;https:\/\/renatehechenberger.com\/vielen-dank-newsletter\/&#8220; button_text=&#8220;Jetzt E-Book f\u00fcr 0,-\u20ac holen&#8220; footer_content=&#8220;<\/p>\n<p style=\"%22font-size:\" 13px; line-height: 1.3; text-align: left;%22>By signing up, you\u2019ll receive occasional emails from me with further insights and resources. As a thank-you, you\u2019ll get my e-book Unapologetic Power. You can unsubscribe at any time via the link included in every email.<\/p>\n<p>&#8220; disabled_on=&#8220;off|off|off&#8220; _builder_version=&#8220;4.27.5&#8243; _module_preset=&#8220;default&#8220; header_text_align=&#8220;center&#8220; header_text_color=&#8220;#6a4c2b&#8220; header_font_size=&#8220;30px&#8220; body_text_color=&#8220;#FFFFFF&#8220; body_font_size=&#8220;16px&#8220; body_line_height=&#8220;1.6em&#8220; form_field_text_align=&#8220;left&#8220; background_enable_color=&#8220;off&#8220; background_enable_image=&#8220;off&#8220; custom_button=&#8220;on&#8220; button_text_size=&#8220;16px&#8220; button_text_color=&#8220;#F4F3F2&#8243; button_bg_color=&#8220;#d29b83&#8243; button_bg_use_color_gradient=&#8220;on&#8220; button_bg_color_gradient_stops=&#8220;rgba(255,255,255,0) 0%|rgba(255,255,255,0) 100%&#8220; button_border_width=&#8220;0px&#8220; button_border_color=&#8220;#ffffff&#8220; button_border_radius=&#8220;100px&#8220; button_letter_spacing=&#8220;1px&#8220; button_font=&#8220;|600||on|||||&#8220; button_use_icon=&#8220;off&#8220; button_custom_padding=&#8220;14px||14px||true|false&#8220; max_width=&#8220;500px&#8220; custom_margin=&#8220;-1px|||||&#8220; custom_padding=&#8220;50px|0px|40px|0px|false|false&#8220; header_text_color_tablet=&#8220;&#8220; header_text_color_phone=&#8220;&#8220; header_text_color_last_edited=&#8220;on|desktop&#8220; button_text_size_tablet=&#8220;16px&#8220; button_text_size_phone=&#8220;14px&#8220; button_text_size_last_edited=&#8220;on|phone&#8220; sticky_position_tablet=&#8220;&#8220; sticky_position_phone=&#8220;&#8220; sticky_position_last_edited=&#8220;on|desktop&#8220; custom_css_newsletter_form=&#8220;margin-top:-20px;&#8220; border_radii=&#8220;on|8px|8px|8px|8px&#8220; border_width_all_fields=&#8220;1px&#8220; border_color_all_fields=&#8220;rgba(102,102,102,0.57)&#8220; saved_tabs=&#8220;all&#8220; global_colors_info=&#8220;{}&#8220; button_text_color__hover=&#8220;#474747&#8243; button_text_color__hover_enabled=&#8220;on&#8220; button_bg_color__hover=&#8220;#bfbfbf&#8220; button_bg_color__hover_enabled=&#8220;on|hover&#8220; button_border_color__hover=&#8220;#bfbfbf&#8220; button_border_color__hover_enabled=&#8220;on&#8220; button_letter_spacing__hover=&#8220;1px&#8220; button_letter_spacing__hover_enabled=&#8220;on|hover&#8220;][\/et_pb_signup][\/et_pb_column][et_pb_column type=&#8220;1_2&#8243; _builder_version=&#8220;4.27.4&#8243; _module_preset=&#8220;default&#8220; global_colors_info=&#8220;{}&#8220;][et_pb_image src=&#8220;https:\/\/renatehechenberger.com\/wp-content\/uploads\/2025\/10\/e-book-cover-13.jpg&#8220; alt=&#8220;Renate Hechenberger \u2013 Mentoring f\u00fcr Frauen in Business, Politik, Wissenschaft und Kultur. Kraftvolles Portr\u00e4t mit goldenem Hintergrund, Symbol f\u00fcr gelebte weibliche F\u00fchrung und inneres Erinnern.&#8220; title_text=&#8220;e-book cover 13&#8243; align=&#8220;center&#8220; _builder_version=&#8220;4.27.5&#8243; _module_preset=&#8220;default&#8220; transform_scale=&#8220;85%|85%&#8220; transform_scale_tablet=&#8220;174%|174%&#8220; transform_scale_phone=&#8220;110%|110%&#8220; transform_scale_last_edited=&#8220;on|phone&#8220; transform_translate=&#8220;-79px|132px&#8220; transform_translate_tablet=&#8220;0px|-2px&#8220; transform_translate_phone=&#8220;0px|-17px&#8220; transform_translate_last_edited=&#8220;on|phone&#8220; transform_translate_linked_phone=&#8220;off&#8220; transform_rotate=&#8220;0deg|0deg|7deg&#8220; transform_rotate_tablet=&#8220;0deg|0deg|6deg&#8220; transform_rotate_phone=&#8220;0deg|0deg|0deg&#8220; transform_rotate_last_edited=&#8220;on|phone&#8220; transform_skew_tablet=&#8220;&#8220; transform_skew_phone=&#8220;&#8220; transform_skew_last_edited=&#8220;on|phone&#8220; transform_origin_tablet=&#8220;&#8220; transform_origin_phone=&#8220;&#8220; transform_origin_last_edited=&#8220;on|phone&#8220; transform_styles_last_edited=&#8220;on|phone&#8220; max_width=&#8220;500px&#8220; max_width_tablet=&#8220;500px&#8220; max_width_phone=&#8220;250px&#8220; max_width_last_edited=&#8220;on|phone&#8220; module_alignment=&#8220;center&#8220; custom_margin=&#8220;40px||||false|false&#8220; custom_margin_tablet=&#8220;40px||||false|false&#8220; custom_margin_phone=&#8220;50px||||false|false&#8220; custom_margin_last_edited=&#8220;on|phone&#8220; custom_padding=&#8220;||40px||false|false&#8220; transform_styles_tablet=&#8220;&#8220; transform_styles_phone=&#8220;&#8220; border_radii=&#8220;on|8px|8px|8px|8px&#8220; box_shadow_style=&#8220;preset2&#8243; box_shadow_horizontal=&#8220;16px&#8220; box_shadow_vertical=&#8220;23px&#8220; box_shadow_spread=&#8220;5px&#8220; box_shadow_color=&#8220;rgba(104,84,35,0.28)&#8220; global_colors_info=&#8220;{}&#8220;][\/et_pb_image][\/et_pb_column][\/et_pb_row][\/et_pb_section][et_pb_section fb_built=&#8220;1&#8243; _builder_version=&#8220;4.27.4&#8243; _module_preset=&#8220;default&#8220; custom_padding=&#8220;||50px|||&#8220; global_colors_info=&#8220;{}&#8220;][et_pb_row _builder_version=&#8220;4.27.4&#8243; _module_preset=&#8220;default&#8220; width=&#8220;90%&#8220; max_width=&#8220;1120px&#8220; custom_padding=&#8220;||22px|||&#8220; global_colors_info=&#8220;{}&#8220;][et_pb_column type=&#8220;4_4&#8243; _builder_version=&#8220;4.27.4&#8243; _module_preset=&#8220;default&#8220; global_colors_info=&#8220;{}&#8220;][et_pb_text admin_label=&#8220;Inhalt \/ Was dich erwartet&#8220; _builder_version=&#8220;4.27.5&#8243; _module_preset=&#8220;default&#8220; header_text_color=&#8220;#d29b83&#8243; header_2_text_align=&#8220;left&#8220; header_2_text_color=&#8220;#D29B83&#8243; header_2_font_size=&#8220;40px&#8220; custom_margin_tablet=&#8220;&#8220; custom_margin_phone=&#8220;|20px||20px|false|true&#8220; custom_margin_last_edited=&#8220;on|phone&#8220; custom_padding=&#8220;|||0px|false|false&#8220; header_font_size_tablet=&#8220;&#8220; header_font_size_phone=&#8220;26px&#8220; header_font_size_last_edited=&#8220;on|phone&#8220; header_2_font_size_tablet=&#8220;40px&#8220; header_2_font_size_phone=&#8220;22px&#8220; header_2_font_size_last_edited=&#8220;on|phone&#8220; global_colors_info=&#8220;{}&#8220;]<\/p>\n<h2 style=\"text-align: center;\">Why Unapologetic Power?<\/h2>\n<p><em data-start=\"676\" data-end=\"696\"><\/em><\/p>\n<p>Because too many women have been taught to excuse their power \u2014 by adapting, holding back, or endlessly explaining themselves.<br data-start=\"718\" data-end=\"721\" \/>Because it\u2019s time to reclaim it \u2014 unapologetically, without explanation, without mask.<br data-start=\"807\" data-end=\"810\" \/>Unapologetic Power is the return of feminine power \u2014<br \/>a power that weaves together what once was split apart.<\/p>\n<p data-start=\"489\" data-end=\"537\"><strong>This book is not a manual. It is a call.<\/strong><\/p>\n<p data-start=\"544\" data-end=\"777\">A call to women who lead \u2014 no longer willing to soften their truth.<br data-start=\"614\" data-end=\"617\" \/>To women who are seen \u2014 yet want to feel themselves again.<br data-start=\"688\" data-end=\"691\" \/>To women who are ready to work with their own power \u2014 not with energy that isn\u2019t theirs.<\/p>\n<p>For women who lead \u2014 and know that performance alone can\u2019t carry them anymore.<br data-start=\"637\" data-end=\"640\" \/>For those who have spent years adapting \u2014 and are ready to call the old game off.<br data-start=\"727\" data-end=\"730\" \/>For women who long to live a new kind of power: clear, embodied, authentic.<\/p>\n<p>[\/et_pb_text][\/et_pb_column][\/et_pb_row][\/et_pb_section][et_pb_section fb_built=&#8220;1&#8243; _builder_version=&#8220;4.27.5&#8243; _module_preset=&#8220;default&#8220; background_color=&#8220;RGBA(255,255,255,0)&#8220; background_image=&#8220;https:\/\/renatehechenberger.com\/wp-content\/uploads\/2025\/06\/web_43.jpg&#8220; global_colors_info=&#8220;{}&#8220;][et_pb_row _builder_version=&#8220;4.27.4&#8243; _module_preset=&#8220;default&#8220; width=&#8220;90%&#8220; max_width=&#8220;870px&#8220; module_alignment=&#8220;center&#8220; custom_margin=&#8220;|auto||724px||&#8220; custom_padding=&#8220;60px||70px||false|false&#8220; global_colors_info=&#8220;{}&#8220;][et_pb_column type=&#8220;4_4&#8243; _builder_version=&#8220;4.27.4&#8243; _module_preset=&#8220;default&#8220; global_colors_info=&#8220;{}&#8220;][et_pb_text admin_label=&#8220;zitat&#8220; _builder_version=&#8220;4.27.5&#8243; _module_preset=&#8220;default&#8220; text_font=&#8220;|||||on|||&#8220; text_text_color=&#8220;#5E494D&#8220; text_font_size=&#8220;30px&#8220; background_color=&#8220;rgba(244,243,242,0.78)&#8220; text_orientation=&#8220;center&#8220; width=&#8220;90.5%&#8220; custom_margin=&#8220;||||false|false&#8220; custom_margin_tablet=&#8220;||||false|false&#8220; custom_margin_phone=&#8220;|10px||10px|false|true&#8220; custom_margin_last_edited=&#8220;on|phone&#8220; custom_padding=&#8220;60px||60px|30px|true|false&#8220; custom_padding_tablet=&#8220;60px||60px||true|false&#8220; custom_padding_phone=&#8220;60px|25px|60px||true|false&#8220; custom_padding_last_edited=&#8220;on|desktop&#8220; text_font_size_tablet=&#8220;30px&#8220; text_font_size_phone=&#8220;25px&#8220; text_font_size_last_edited=&#8220;on|phone&#8220; border_radii=&#8220;on|15px|15px|15px|15px&#8220; border_color_all=&#8220;#8A726E&#8220; box_shadow_style=&#8220;preset1&#8243; box_shadow_spread=&#8220;5px&#8220; box_shadow_color=&#8220;#8A726E&#8220; global_colors_info=&#8220;{}&#8220;]<\/p>\n<p style=\"text-align: center;\"><strong data-start=\"476\" data-end=\"600\">I don\u2019t write for women seeking approval.<\/strong><\/p>\n<p style=\"text-align: center;\"><strong data-start=\"476\" data-end=\"600\">I write for women who remember who they are \u2014<br \/>and why they lead.<\/strong><\/p>\n<p style=\"text-align: center;\"><br data-start=\"600\" data-end=\"603\" \/>- RENATE HECHENBERGER<\/p>\n<p>[\/et_pb_text][\/et_pb_column][\/et_pb_row][\/et_pb_section]<\/p>","protected":false},"excerpt":{"rendered":"<p>Unapologetic PowerEine Einladung, Macht neu zu sehen \u2013 f\u00fcr Frauen, die sie nicht meiden, sondern in neue Form bringen.Diese Macht war nie fort.Sie wurde gez\u00e4hmt, angepasst, in Systeme gegossen.Jetzt geht es darum, sie zur\u00fcckzuholen \u2013 klar, bewusst, in eigener Form.Warum Unapologetic Power? Weil zu viele Frauen gelernt haben, ihre Macht zu entschuldigen \u2013 durch Anpassung, [&hellip;]<\/p>","protected":false},"author":2,"featured_media":0,"parent":0,"menu_order":0,"comment_status":"closed","ping_status":"closed","template":"","meta":{"_et_pb_use_builder":"on","_et_pb_old_content":"","_et_gb_content_width":"","footnotes":""},"class_list":["post-246060","page","type-page","status-publish","hentry"],"yoast_head":"<!-- This site is optimized with the Yoast SEO Premium plugin v25.8 (Yoast SEO v27.3) - https:\/\/yoast.com\/product\/yoast-seo-premium-wordpress\/ -->\n<title>E-Book - renatehechenberger.com<\/title>\n<meta name=\"description\" content=\"Free e-book for women who no longer want to explain their power \u2014 but live it.\" \/>\n<meta name=\"robots\" content=\"index, follow, max-snippet:-1, max-image-preview:large, max-video-preview:-1\" \/>\n<link rel=\"canonical\" href=\"https:\/\/renatehechenberger.com\/en\/e-book\/\" \/>\n<meta property=\"og:locale\" content=\"en_GB\" \/>\n<meta property=\"og:type\" content=\"article\" \/>\n<meta property=\"og:title\" content=\"E-Book\" \/>\n<meta property=\"og:description\" content=\"Free e-book for women who no longer want to explain their power \u2014 but live it.\" \/>\n<meta property=\"og:url\" content=\"https:\/\/renatehechenberger.com\/en\/e-book\/\" \/>\n<meta property=\"og:site_name\" content=\"renatehechenberger.com\" \/>\n<meta property=\"article:modified_time\" content=\"2026-04-05T14:34:05+00:00\" \/>\n<meta name=\"twitter:card\" content=\"summary_large_image\" \/>\n<meta name=\"twitter:label1\" content=\"Estimated reading time\" \/>\n\t<meta name=\"twitter:data1\" content=\"2 minutes\" \/>\n<script type=\"application\/ld+json\" class=\"yoast-schema-graph\">{\"@context\":\"https:\\\/\\\/schema.org\",\"@graph\":[{\"@type\":\"WebPage\",\"@id\":\"https:\\\/\\\/renatehechenberger.com\\\/e-book\\\/\",\"url\":\"https:\\\/\\\/renatehechenberger.com\\\/e-book\\\/\",\"name\":\"E-Book - renatehechenberger.com\",\"isPartOf\":{\"@id\":\"https:\\\/\\\/renatehechenberger.com\\\/#website\"},\"datePublished\":\"2025-06-08T16:36:35+00:00\",\"dateModified\":\"2026-04-05T14:34:05+00:00\",\"description\":\"Free e-book for women who no longer want to explain their power \u2014 but live it.\",\"breadcrumb\":{\"@id\":\"https:\\\/\\\/renatehechenberger.com\\\/e-book\\\/#breadcrumb\"},\"inLanguage\":\"en-GB\",\"potentialAction\":[{\"@type\":\"ReadAction\",\"target\":[\"https:\\\/\\\/renatehechenberger.com\\\/e-book\\\/\"]}]},{\"@type\":\"BreadcrumbList\",\"@id\":\"https:\\\/\\\/renatehechenberger.com\\\/e-book\\\/#breadcrumb\",\"itemListElement\":[{\"@type\":\"ListItem\",\"position\":1,\"name\":\"Home\",\"item\":\"https:\\\/\\\/renatehechenberger.com\\\/\"},{\"@type\":\"ListItem\",\"position\":2,\"name\":\"E-Book\"}]},{\"@type\":\"WebSite\",\"@id\":\"https:\\\/\\\/renatehechenberger.com\\\/#website\",\"url\":\"https:\\\/\\\/renatehechenberger.com\\\/\",\"name\":\"renatehechenberger.com\",\"description\":\"Female Power Architect \u2013 f\u00fcr Frauen in Leadership &amp; Transition\",\"potentialAction\":[{\"@type\":\"SearchAction\",\"target\":{\"@type\":\"EntryPoint\",\"urlTemplate\":\"https:\\\/\\\/renatehechenberger.com\\\/?s={search_term_string}\"},\"query-input\":{\"@type\":\"PropertyValueSpecification\",\"valueRequired\":true,\"valueName\":\"search_term_string\"}}],\"inLanguage\":\"en-GB\"}]}<\/script>\n<!-- \/ Yoast SEO Premium plugin. -->","yoast_head_json":{"title":"E-Book - renatehechenberger.com","description":"Free e-book for women who no longer want to explain their power \u2014 but live it.","robots":{"index":"index","follow":"follow","max-snippet":"max-snippet:-1","max-image-preview":"max-image-preview:large","max-video-preview":"max-video-preview:-1"},"canonical":"https:\/\/renatehechenberger.com\/en\/e-book\/","og_locale":"en_GB","og_type":"article","og_title":"E-Book","og_description":"Free e-book for women who no longer want to explain their power \u2014 but live it.","og_url":"https:\/\/renatehechenberger.com\/en\/e-book\/","og_site_name":"renatehechenberger.com","article_modified_time":"2026-04-05T14:34:05+00:00","twitter_card":"summary_large_image","twitter_misc":{"Estimated reading time":"2 minutes"},"schema":{"@context":"https:\/\/schema.org","@graph":[{"@type":"WebPage","@id":"https:\/\/renatehechenberger.com\/e-book\/","url":"https:\/\/renatehechenberger.com\/e-book\/","name":"E-Book - renatehechenberger.com","isPartOf":{"@id":"https:\/\/renatehechenberger.com\/#website"},"datePublished":"2025-06-08T16:36:35+00:00","dateModified":"2026-04-05T14:34:05+00:00","description":"Free e-book for women who no longer want to explain their power \u2014 but live it.","breadcrumb":{"@id":"https:\/\/renatehechenberger.com\/e-book\/#breadcrumb"},"inLanguage":"en-GB","potentialAction":[{"@type":"ReadAction","target":["https:\/\/renatehechenberger.com\/e-book\/"]}]},{"@type":"BreadcrumbList","@id":"https:\/\/renatehechenberger.com\/e-book\/#breadcrumb","itemListElement":[{"@type":"ListItem","position":1,"name":"Home","item":"https:\/\/renatehechenberger.com\/"},{"@type":"ListItem","position":2,"name":"E-Book"}]},{"@type":"WebSite","@id":"https:\/\/renatehechenberger.com\/#website","url":"https:\/\/renatehechenberger.com\/","name":"renatehechenberger.com","description":"Female Power Architect \u2013 f\u00fcr Frauen in Leadership &amp; Transition","potentialAction":[{"@type":"SearchAction","target":{"@type":"EntryPoint","urlTemplate":"https:\/\/renatehechenberger.com\/?s={search_term_string}"},"query-input":{"@type":"PropertyValueSpecification","valueRequired":true,"valueName":"search_term_string"}}],"inLanguage":"en-GB"}]}},"_links":{"self":[{"href":"https:\/\/renatehechenberger.com\/en\/wp-json\/wp\/v2\/pages\/246060","targetHints":{"allow":["GET"]}}],"collection":[{"href":"https:\/\/renatehechenberger.com\/en\/wp-json\/wp\/v2\/pages"}],"about":[{"href":"https:\/\/renatehechenberger.com\/en\/wp-json\/wp\/v2\/types\/page"}],"author":[{"embeddable":true,"href":"https:\/\/renatehechenberger.com\/en\/wp-json\/wp\/v2\/users\/2"}],"replies":[{"embeddable":true,"href":"https:\/\/renatehechenberger.com\/en\/wp-json\/wp\/v2\/comments?post=246060"}],"version-history":[{"count":187,"href":"https:\/\/renatehechenberger.com\/en\/wp-json\/wp\/v2\/pages\/246060\/revisions"}],"predecessor-version":[{"id":250787,"href":"https:\/\/renatehechenberger.com\/en\/wp-json\/wp\/v2\/pages\/246060\/revisions\/250787"}],"wp:attachment":[{"href":"https:\/\/renatehechenberger.com\/en\/wp-json\/wp\/v2\/media?parent=246060"}],"curies":[{"name":"wp","href":"https:\/\/api.w.org\/{rel}","templated":true}]}}