{"id":246904,"date":"2025-06-22T11:19:35","date_gmt":"2025-06-22T09:19:35","guid":{"rendered":"https:\/\/renatehechenberger.com\/?page_id=246904"},"modified":"2025-08-25T16:21:24","modified_gmt":"2025-08-25T14:21:24","slug":"newsletter-anmeldung-social","status":"publish","type":"page","link":"https:\/\/renatehechenberger.com\/en\/newsletter-anmeldung-social\/","title":{"rendered":"Newsletter-Anmeldung Social"},"content":{"rendered":"<p>[et_pb_section fb_built=&#8220;1&#8243; fullwidth=&#8220;on&#8220; custom_padding_last_edited=&#8220;on|phone&#8220; disabled_on=&#8220;off|off|off&#8220; admin_label=&#8220;Hero Section&#8220; _builder_version=&#8220;4.27.4&#8243; background_color=&#8220;RGBA(255,255,255,0)&#8220; use_background_color_gradient=&#8220;on&#8220; background_color_gradient_stops=&#8220;#e8d4b3 0%|#9f7d50 100%&#8220; custom_margin=&#8220;-120px||||false|false&#8220; custom_margin_tablet=&#8220;-120px||||false|false&#8220; custom_margin_phone=&#8220;-188px||||false|false&#8220; custom_margin_last_edited=&#8220;on|phone&#8220; custom_padding=&#8220;132px|0px|22px|0px|false|false&#8220; custom_padding_tablet=&#8220;132px|0px|22px|0px|false|false&#8220; custom_padding_phone=&#8220;0px|0px|22px|0px|false|false&#8220; bottom_divider_style=&#8220;curve&#8220; bottom_divider_color=&#8220;#9f7d50&#8243; bottom_divider_height=&#8220;52px&#8220; locked=&#8220;off&#8220; global_colors_info=&#8220;{}&#8220;][et_pb_fullwidth_header title=&#8220;M\u00f6chtest du verbunden bleiben?&#8220; text_orientation=&#8220;center&#8220; background_overlay_color=&#8220;RGBA(255,255,255,0)&#8220; content_max_width=&#8220;550px&#8220; header_image_url_tablet=&#8220;https:\/\/renatehechenberger.com\/wp-content\/uploads\/2024\/05\/blog-03.png&#8220; header_image_url_phone=&#8220;&#8220; header_image_url_last_edited=&#8220;on|phone&#8220; admin_label=&#8220;Vollbreite Kopfzeile&#8220; _builder_version=&#8220;4.27.4&#8243; title_font=&#8220;&#8211;et_global_heading_font|&#8211;et_global_heading_font_weight||on|||||&#8220; title_text_color=&#8220;#6a4c2b&#8220; title_font_size=&#8220;40px&#8220; title_letter_spacing=&#8220;2px&#8220; title_line_height=&#8220;1.4em&#8220; content_font=&#8220;||||||||&#8220; content_text_color=&#8220;#ffffff&#8220; content_font_size=&#8220;22px&#8220; content_letter_spacing=&#8220;1px&#8220; content_line_height=&#8220;2em&#8220; subhead_font=&#8220;||||||||&#8220; subhead_text_color=&#8220;#f4f3f2&#8243; subhead_font_size=&#8220;24px&#8220; subhead_line_height=&#8220;1.4em&#8220; background_color=&#8220;RGBA(255,255,255,0)&#8220; background_enable_image=&#8220;off&#8220; custom_button_one=&#8220;on&#8220; button_one_border_width=&#8220;1px&#8220; button_one_border_color=&#8220;rgba(255,255,255,0.3)&#8220; button_one_border_radius=&#8220;0px&#8220; button_one_letter_spacing=&#8220;1px&#8220; button_one_font=&#8220;Saira Extra Condensed|600||on|||||&#8220; button_one_icon=&#8220;&#x24;||divi||400&#8243; button_one_icon_color=&#8220;#edbb5f&#8220; custom_button_two=&#8220;on&#8220; button_two_border_width=&#8220;1px&#8220; button_two_border_color=&#8220;rgba(255,255,255,0.3)&#8220; button_two_border_radius=&#8220;0px&#8220; button_two_letter_spacing=&#8220;1px&#8220; button_two_font=&#8220;Saira Extra Condensed|600||on|||||&#8220; button_two_icon=&#8220;&#x24;||divi||400&#8243; button_two_icon_color=&#8220;#edbb5f&#8220; module_alignment=&#8220;right&#8220; custom_margin=&#8220;18px|||||&#8220; custom_padding=&#8220;3.8%||50px|||&#8220; title_font_size_tablet=&#8220;60px&#8220; title_font_size_phone=&#8220;36px&#8220; title_font_size_last_edited=&#8220;on|phone&#8220; button_one_text_color_hover=&#8220;#edbb5f&#8220; button_two_text_color_hover=&#8220;#edbb5f&#8220; button_one_bg_color_hover=&#8220;rgba(0,0,0,0)&#8220; button_two_bg_color_hover=&#8220;rgba(0,0,0,0)&#8220; global_colors_info=&#8220;{}&#8220; button_one_text_size__hover_enabled=&#8220;off&#8220; button_two_text_size__hover_enabled=&#8220;off&#8220; button_one_text_color__hover_enabled=&#8220;on&#8220; button_one_text_color__hover=&#8220;#edbb5f&#8220; button_two_text_color__hover_enabled=&#8220;on&#8220; button_two_text_color__hover=&#8220;#edbb5f&#8220; button_one_border_width__hover_enabled=&#8220;off&#8220; button_two_border_width__hover_enabled=&#8220;off&#8220; button_one_border_color__hover_enabled=&#8220;off&#8220; button_two_border_color__hover_enabled=&#8220;off&#8220; button_one_border_radius__hover_enabled=&#8220;off&#8220; button_two_border_radius__hover_enabled=&#8220;off&#8220; button_one_letter_spacing__hover_enabled=&#8220;off&#8220; button_two_letter_spacing__hover_enabled=&#8220;off&#8220; button_one_bg_color__hover_enabled=&#8220;on&#8220; button_one_bg_color__hover=&#8220;rgba(0,0,0,0)&#8220; button_two_bg_color__hover_enabled=&#8220;on&#8220; button_two_bg_color__hover=&#8220;rgba(0,0,0,0)&#8220;]<\/p>\n<p>&nbsp;<\/p>\n<p>For women in leadership &amp; transition \u2013<br \/>who want resonance, depth, and unapologetic clarity for what\u2019s next.<\/p>\n<p>[\/et_pb_fullwidth_header][\/et_pb_section][et_pb_section fb_built=&#8220;1&#8243; _builder_version=&#8220;4.16&#8243; background_image=&#8220;https:\/\/renatehechenberger.com\/wp-content\/uploads\/2018\/11\/melissa-askew-26365-unsplash-e1542091412844.jpg&#8220; custom_padding=&#8220;60px|0px|13px|0px|false|false&#8220; locked=&#8220;off&#8220; global_colors_info=&#8220;{}&#8220;][et_pb_row column_structure=&#8220;1_2,1_2&#8243; _builder_version=&#8220;4.27.4&#8243; background_color=&#8220;RGBA(255,255,255,0)&#8220; max_width=&#8220;1149px&#8220; custom_margin=&#8220;||60px||false|false&#8220; custom_padding=&#8220;16px|0px|20px|0px|false|false&#8220; box_shadow_style=&#8220;preset1&#8243; global_colors_info=&#8220;{}&#8220;][et_pb_column type=&#8220;1_2&#8243; _builder_version=&#8220;4.16&#8243; custom_padding=&#8220;20px|20px|20px|30px&#8220; global_colors_info=&#8220;{}&#8220; custom_padding__hover=&#8220;|||&#8220;][et_pb_image src=&#8220;https:\/\/renatehechenberger.com\/wp-content\/uploads\/2025\/06\/ChatGPT-Image-3.-Juni-2025-06_55_24-150&#215;150.png&#8220; title_text=&#8220;ChatGPT Image 3. Juni 2025, 06_55_24&#8243; align=&#8220;center&#8220; _builder_version=&#8220;4.27.4&#8243; _module_preset=&#8220;default&#8220; background_color=&#8220;#fffaf5&#8243; animation_style=&#8220;slide&#8220; animation_duration=&#8220;0ms&#8220; global_colors_info=&#8220;{}&#8220;][\/et_pb_image][et_pb_text _builder_version=&#8220;4.27.4&#8243; text_font=&#8220;||||||||&#8220; header_font=&#8220;||||||||&#8220; header_text_color=&#8220;#daa4b9&#8243; header_3_font=&#8220;||||||||&#8220; header_3_text_color=&#8220;#BE842F&#8220; transform_translate=&#8220;-3px|0px&#8220; custom_margin=&#8220;||||false|false&#8220; custom_padding=&#8220;0px||||false|false&#8220; box_shadow_style=&#8220;preset1&#8243; box_shadow_color=&#8220;RGBA(255,255,255,0)&#8220; global_colors_info=&#8220;{}&#8220;]<\/p>\n<div style=\"max-width: 700px; margin: 0 auto; padding: 60px 20px; text-align: center; font-family: 'Open Sans', sans-serif; color: #3f2c1d; background-color: #fffaf5; border-radius: 8px; box-shadow: 0 4px 14px rgba(0,0,0,0.05);\">\n<p style=\"text-align: center;\"><strong>Der \u201eInner Executive Letter\u201c ist kein klassischer Newsletter.<\/strong><\/p>\n<p style=\"text-align: center;\">Es ist ein Raum f\u00fcr Wahrhaftigkeit, Tiefe und leise F\u00fchrungskraft.<\/p>\n<p style=\"text-align: center;\">Wenn du Lust hast auf Perspektiven jenseits der Algorithmen,<br \/>Impulse aus dem Inneren Wandel \u2013 dann trag dich hier ein.<\/p>\n<p style=\"text-align: center;\">Ich schreibe nicht oft. Nur, wenn es wirklich etwas zu sagen gibt.<\/p>\n<hr style=\"border: none; height: 1px; background: #e0c8a0; margin: 40px auto; width: 80%;\" \/>\n<p style=\"font-size: 14px; color: #8b715a;\">Deine Daten sind gesch\u00fctzt gem\u00e4\u00df DSGVO (EU-Datenschutzverordnung).<br \/>Du kannst dich jederzeit wieder abmelden \u2013 ohne Fragen. Ohne Druck.<\/p>\n<\/div>\n<p>[\/et_pb_text][\/et_pb_column][et_pb_column type=&#8220;1_2&#8243; _builder_version=&#8220;4.16&#8243; custom_padding=&#8220;20px|20px|20px|30px&#8220; global_colors_info=&#8220;{}&#8220; custom_padding__hover=&#8220;|||&#8220;][et_pb_image src=&#8220;https:\/\/renatehechenberger.com\/wp-content\/uploads\/2025\/06\/ChatGPT-Image-3.-Juni-2025-06_55_24-150&#215;150.png&#8220; title_text=&#8220;ChatGPT Image 3. Juni 2025, 06_55_24&#8243; align=&#8220;center&#8220; _builder_version=&#8220;4.27.4&#8243; _module_preset=&#8220;default&#8220; background_color=&#8220;#fffaf5&#8243; animation_style=&#8220;slide&#8220; animation_duration=&#8220;0ms&#8220; global_colors_info=&#8220;{}&#8220;][\/et_pb_image][et_pb_text _builder_version=&#8220;4.27.4&#8243; _module_preset=&#8220;default&#8220; global_colors_info=&#8220;{}&#8220;]<\/p>\n<div style=\"max-width: 700px; margin: 0 auto; padding: 60px 20px; text-align: center; font-family: 'Open Sans', sans-serif; color: #3f2c1d; background-color: #fffaf5; border-radius: 8px; box-shadow: 0 4px 14px rgba(0,0,0,0.05);\">\n<p data-start=\"746\" data-end=\"878\"><strong data-start=\"746\" data-end=\"807\">The &#8222;Inner Executive Letter&#8220; isn\u2019t your usual newsletter.<\/strong><\/p>\n<p data-start=\"746\" data-end=\"878\"><br data-start=\"807\" data-end=\"810\" \/>It\u2019s a space for truthfulness, depth, and quiet inner authority.<\/p>\n<p data-start=\"885\" data-end=\"1001\">If you feel drawn to perspectives beyond the algorithm \u2014<br data-start=\"941\" data-end=\"944\" \/>impulses from the inner shift \u2014 then this is for you.<\/p>\n<p data-start=\"1008\" data-end=\"1070\">I don\u2019t write often. Only when there\u2019s truly something to say.<\/p>\n<hr style=\"border: none; height: 1px; background: #e0c8a0; margin: 40px auto; width: 80%;\" \/>\n<p style=\"font-size: 14px; color: #8b715a;\">Your data is protected according to GDPR (European Union data protection regulation).<br \/>You may unsubscribe at any time \u2013 no questions asked.<\/p>\n<\/div>\n<p>[\/et_pb_text][\/et_pb_column][\/et_pb_row][\/et_pb_section][et_pb_section fb_built=&#8220;1&#8243; _builder_version=&#8220;4.27.4&#8243; _module_preset=&#8220;default&#8220; global_colors_info=&#8220;{}&#8220;][et_pb_row _builder_version=&#8220;4.27.4&#8243; _module_preset=&#8220;default&#8220; max_width=&#8220;1120px&#8220; custom_padding=&#8220;5px||3px|||&#8220; global_colors_info=&#8220;{}&#8220;][et_pb_column type=&#8220;4_4&#8243; _builder_version=&#8220;4.27.4&#8243; _module_preset=&#8220;default&#8220; global_colors_info=&#8220;{}&#8220;][et_pb_divider _builder_version=&#8220;4.27.4&#8243; _module_preset=&#8220;default&#8220; global_colors_info=&#8220;{}&#8220;][\/et_pb_divider][\/et_pb_column][\/et_pb_row][\/et_pb_section][et_pb_section fb_built=&#8220;1&#8243; _builder_version=&#8220;4.27.4&#8243; _module_preset=&#8220;default&#8220; custom_padding=&#8220;9px||99px|||&#8220; global_colors_info=&#8220;{}&#8220;][et_pb_row _builder_version=&#8220;4.27.4&#8243; _module_preset=&#8220;default&#8220; max_width=&#8220;1120px&#8220; global_colors_info=&#8220;{}&#8220;][et_pb_column type=&#8220;4_4&#8243; _builder_version=&#8220;4.27.4&#8243; _module_preset=&#8220;default&#8220; global_colors_info=&#8220;{}&#8220;][et_pb_signup provider=&#8220;activecampaign&#8220; activecampaign_list=&#8220;20&#8243; button_text=&#8220;Abonnieren &#8211; Subscribe&#8220; _builder_version=&#8220;4.27.4&#8243; _module_preset=&#8220;default&#8220; form_field_focus_background_color=&#8220;#333333&#8243; form_field_custom_padding=&#8220;|||10px|false|false&#8220; form_field_font=&#8220;|600|||||||&#8220; background_image=&#8220;https:\/\/renatehechenberger.com\/wp-content\/uploads\/2025\/06\/web_41.jpg&#8220; custom_button=&#8220;on&#8220; button_text_size=&#8220;14px&#8220; button_text_color=&#8220;#9f7d50&#8243; button_border_width=&#8220;3px&#8220; button_border_radius=&#8220;41px&#8220; button_letter_spacing=&#8220;3px&#8220; button_font=&#8220;|700|||||||&#8220; button_use_icon=&#8220;off&#8220; button_custom_margin=&#8220;20px||20px||false|false&#8220; width=&#8220;85%&#8220; max_width=&#8220;100%&#8220; module_alignment=&#8220;center&#8220; custom_margin=&#8220;||||false|false&#8220; custom_padding=&#8220;80px|60px|60px|60px|false|false&#8220; button_bg_color_tablet=&#8220;&#8220; button_bg_color_phone=&#8220;&#8220; button_bg_color_last_edited=&#8220;on|phone&#8220; border_radii=&#8220;on|14px|14px|14px|14px&#8220; border_color_all=&#8220;#E6C88F&#8220; border_radii_fields=&#8220;on|9px|9px|9px|9px&#8220; border_color_all_fields=&#8220;RGBA(255,255,255,0)&#8220; button_text_shadow_style=&#8220;preset4&#8243; box_shadow_style=&#8220;preset1&#8243; box_shadow_style_button=&#8220;preset1&#8243; global_colors_info=&#8220;{}&#8220;][\/et_pb_signup][\/et_pb_column][\/et_pb_row][\/et_pb_section]<\/p>\n","protected":false},"excerpt":{"rendered":"<p>&nbsp; For women in leadership &amp; transition \u2013who want resonance, depth, and unapologetic clarity for what\u2019s next. Der \u201eInner Executive Letter\u201c ist kein klassischer Newsletter. Es ist ein Raum f\u00fcr Wahrhaftigkeit, Tiefe und leise F\u00fchrungskraft. Wenn du Lust hast auf Perspektiven jenseits der Algorithmen,Impulse aus dem Inneren Wandel \u2013 dann trag dich hier ein. Ich [&hellip;]<\/p>\n","protected":false},"author":2,"featured_media":0,"parent":0,"menu_order":0,"comment_status":"closed","ping_status":"closed","template":"","meta":{"_et_pb_use_builder":"on","_et_pb_old_content":"","_et_gb_content_width":"","footnotes":""},"class_list":["post-246904","page","type-page","status-publish","hentry"],"yoast_head":"<!-- This site is optimized with the Yoast SEO Premium plugin v25.8 (Yoast SEO v27.5) - https:\/\/yoast.com\/product\/yoast-seo-premium-wordpress\/ -->\n<title>Newsletter-Anmeldung Social - renatehechenberger.com<\/title>\n<meta name=\"robots\" content=\"index, follow, max-snippet:-1, max-image-preview:large, max-video-preview:-1\" \/>\n<link rel=\"canonical\" href=\"https:\/\/renatehechenberger.com\/en\/newsletter-anmeldung-social\/\" \/>\n<meta property=\"og:locale\" content=\"en_GB\" \/>\n<meta property=\"og:type\" content=\"article\" \/>\n<meta property=\"og:title\" content=\"Newsletter-Anmeldung Social\" \/>\n<meta property=\"og:description\" content=\"&nbsp; For women in leadership &amp; transition \u2013who want resonance, depth, and unapologetic clarity for what\u2019s next. Der \u201eInner Executive Letter\u201c ist kein klassischer Newsletter. Es ist ein Raum f\u00fcr Wahrhaftigkeit, Tiefe und leise F\u00fchrungskraft. Wenn du Lust hast auf Perspektiven jenseits der Algorithmen,Impulse aus dem Inneren Wandel \u2013 dann trag dich hier ein. Ich [&hellip;]\" \/>\n<meta property=\"og:url\" content=\"https:\/\/renatehechenberger.com\/en\/newsletter-anmeldung-social\/\" \/>\n<meta property=\"og:site_name\" content=\"renatehechenberger.com\" \/>\n<meta property=\"article:modified_time\" content=\"2025-08-25T14:21:24+00:00\" \/>\n<meta name=\"twitter:card\" content=\"summary_large_image\" \/>\n<meta name=\"twitter:label1\" content=\"Estimated reading time\" \/>\n\t<meta name=\"twitter:data1\" content=\"2 minutes\" \/>\n<script type=\"application\/ld+json\" class=\"yoast-schema-graph\">{\"@context\":\"https:\\\/\\\/schema.org\",\"@graph\":[{\"@type\":\"WebPage\",\"@id\":\"https:\\\/\\\/renatehechenberger.com\\\/newsletter-anmeldung-social\\\/\",\"url\":\"https:\\\/\\\/renatehechenberger.com\\\/newsletter-anmeldung-social\\\/\",\"name\":\"Newsletter-Anmeldung Social - renatehechenberger.com\",\"isPartOf\":{\"@id\":\"https:\\\/\\\/renatehechenberger.com\\\/#website\"},\"datePublished\":\"2025-06-22T09:19:35+00:00\",\"dateModified\":\"2025-08-25T14:21:24+00:00\",\"breadcrumb\":{\"@id\":\"https:\\\/\\\/renatehechenberger.com\\\/newsletter-anmeldung-social\\\/#breadcrumb\"},\"inLanguage\":\"en-GB\",\"potentialAction\":[{\"@type\":\"ReadAction\",\"target\":[\"https:\\\/\\\/renatehechenberger.com\\\/newsletter-anmeldung-social\\\/\"]}]},{\"@type\":\"BreadcrumbList\",\"@id\":\"https:\\\/\\\/renatehechenberger.com\\\/newsletter-anmeldung-social\\\/#breadcrumb\",\"itemListElement\":[{\"@type\":\"ListItem\",\"position\":1,\"name\":\"Home\",\"item\":\"https:\\\/\\\/renatehechenberger.com\\\/\"},{\"@type\":\"ListItem\",\"position\":2,\"name\":\"Newsletter-Anmeldung Social\"}]},{\"@type\":\"WebSite\",\"@id\":\"https:\\\/\\\/renatehechenberger.com\\\/#website\",\"url\":\"https:\\\/\\\/renatehechenberger.com\\\/\",\"name\":\"renatehechenberger.com\",\"description\":\"Female Power Architect \u2013 f\u00fcr Frauen in Leadership &amp; Transition\",\"potentialAction\":[{\"@type\":\"SearchAction\",\"target\":{\"@type\":\"EntryPoint\",\"urlTemplate\":\"https:\\\/\\\/renatehechenberger.com\\\/?s={search_term_string}\"},\"query-input\":{\"@type\":\"PropertyValueSpecification\",\"valueRequired\":true,\"valueName\":\"search_term_string\"}}],\"inLanguage\":\"en-GB\"}]}<\/script>\n<!-- \/ Yoast SEO Premium plugin. -->","yoast_head_json":{"title":"Newsletter-Anmeldung Social - renatehechenberger.com","robots":{"index":"index","follow":"follow","max-snippet":"max-snippet:-1","max-image-preview":"max-image-preview:large","max-video-preview":"max-video-preview:-1"},"canonical":"https:\/\/renatehechenberger.com\/en\/newsletter-anmeldung-social\/","og_locale":"en_GB","og_type":"article","og_title":"Newsletter-Anmeldung Social","og_description":"&nbsp; For women in leadership &amp; transition \u2013who want resonance, depth, and unapologetic clarity for what\u2019s next. Der \u201eInner Executive Letter\u201c ist kein klassischer Newsletter. Es ist ein Raum f\u00fcr Wahrhaftigkeit, Tiefe und leise F\u00fchrungskraft. Wenn du Lust hast auf Perspektiven jenseits der Algorithmen,Impulse aus dem Inneren Wandel \u2013 dann trag dich hier ein. Ich [&hellip;]","og_url":"https:\/\/renatehechenberger.com\/en\/newsletter-anmeldung-social\/","og_site_name":"renatehechenberger.com","article_modified_time":"2025-08-25T14:21:24+00:00","twitter_card":"summary_large_image","twitter_misc":{"Estimated reading time":"2 minutes"},"schema":{"@context":"https:\/\/schema.org","@graph":[{"@type":"WebPage","@id":"https:\/\/renatehechenberger.com\/newsletter-anmeldung-social\/","url":"https:\/\/renatehechenberger.com\/newsletter-anmeldung-social\/","name":"Newsletter-Anmeldung Social - renatehechenberger.com","isPartOf":{"@id":"https:\/\/renatehechenberger.com\/#website"},"datePublished":"2025-06-22T09:19:35+00:00","dateModified":"2025-08-25T14:21:24+00:00","breadcrumb":{"@id":"https:\/\/renatehechenberger.com\/newsletter-anmeldung-social\/#breadcrumb"},"inLanguage":"en-GB","potentialAction":[{"@type":"ReadAction","target":["https:\/\/renatehechenberger.com\/newsletter-anmeldung-social\/"]}]},{"@type":"BreadcrumbList","@id":"https:\/\/renatehechenberger.com\/newsletter-anmeldung-social\/#breadcrumb","itemListElement":[{"@type":"ListItem","position":1,"name":"Home","item":"https:\/\/renatehechenberger.com\/"},{"@type":"ListItem","position":2,"name":"Newsletter-Anmeldung Social"}]},{"@type":"WebSite","@id":"https:\/\/renatehechenberger.com\/#website","url":"https:\/\/renatehechenberger.com\/","name":"renatehechenberger.com","description":"Female Power Architect \u2013 f\u00fcr Frauen in Leadership &amp; Transition","potentialAction":[{"@type":"SearchAction","target":{"@type":"EntryPoint","urlTemplate":"https:\/\/renatehechenberger.com\/?s={search_term_string}"},"query-input":{"@type":"PropertyValueSpecification","valueRequired":true,"valueName":"search_term_string"}}],"inLanguage":"en-GB"}]}},"_links":{"self":[{"href":"https:\/\/renatehechenberger.com\/en\/wp-json\/wp\/v2\/pages\/246904","targetHints":{"allow":["GET"]}}],"collection":[{"href":"https:\/\/renatehechenberger.com\/en\/wp-json\/wp\/v2\/pages"}],"about":[{"href":"https:\/\/renatehechenberger.com\/en\/wp-json\/wp\/v2\/types\/page"}],"author":[{"embeddable":true,"href":"https:\/\/renatehechenberger.com\/en\/wp-json\/wp\/v2\/users\/2"}],"replies":[{"embeddable":true,"href":"https:\/\/renatehechenberger.com\/en\/wp-json\/wp\/v2\/comments?post=246904"}],"version-history":[{"count":16,"href":"https:\/\/renatehechenberger.com\/en\/wp-json\/wp\/v2\/pages\/246904\/revisions"}],"predecessor-version":[{"id":246965,"href":"https:\/\/renatehechenberger.com\/en\/wp-json\/wp\/v2\/pages\/246904\/revisions\/246965"}],"wp:attachment":[{"href":"https:\/\/renatehechenberger.com\/en\/wp-json\/wp\/v2\/media?parent=246904"}],"curies":[{"name":"wp","href":"https:\/\/api.w.org\/{rel}","templated":true}]}}