{"id":247646,"date":"2025-09-06T17:17:51","date_gmt":"2025-09-06T15:17:51","guid":{"rendered":"https:\/\/renatehechenberger.com\/?page_id=247646"},"modified":"2026-04-05T12:19:20","modified_gmt":"2026-04-05T10:19:20","slug":"power-talk","status":"publish","type":"page","link":"https:\/\/renatehechenberger.com\/en\/power-talk\/","title":{"rendered":"Power Talk"},"content":{"rendered":"<p>[et_pb_section fb_built=&#8220;1&#8243; custom_padding_last_edited=&#8220;on|phone&#8220; disabled_on=&#8220;off|off|off&#8220; admin_label=&#8220;Header Desktop&#8220; _builder_version=&#8220;4.27.4&#8243; background_color=&#8220;RGBA(255,255,255,0)&#8220; use_background_color_gradient=&#8220;on&#8220; background_color_gradient_type=&#8220;conic&#8220; background_color_gradient_stops=&#8220;#e0c6bc 0%|#5c3b45 51%|#b28a84 100%|#3a262e 100%&#8220; background_enable_image=&#8220;off&#8220; custom_margin=&#8220;||||false|false&#8220; custom_margin_tablet=&#8220;-120px||||false|false&#8220; custom_margin_phone=&#8220;-105px||||false|false&#8220; custom_margin_last_edited=&#8220;on|phone&#8220; custom_padding=&#8220;1px|0px|80px|0px|false|false&#8220; custom_padding_tablet=&#8220;132px|0px|22px|0px|false|false&#8220; custom_padding_phone=&#8220;0px|0px|22px|0px|false|false&#8220; top_divider_color=&#8220;#fffaf2&#8243; bottom_divider_color=&#8220;#ffffff&#8220; bottom_divider_height=&#8220;52px&#8220; locked=&#8220;off&#8220; global_colors_info=&#8220;{}&#8220;][et_pb_row use_custom_gutter=&#8220;on&#8220; _builder_version=&#8220;4.27.4&#8243; background_color=&#8220;rgba(118,84,92,0.64)&#8220; width=&#8220;98%&#8220; width_tablet=&#8220;98%&#8220; width_phone=&#8220;90%&#8220; width_last_edited=&#8220;on|phone&#8220; max_width=&#8220;1120px&#8220; module_alignment=&#8220;center&#8220; custom_margin=&#8220;70px|auto||auto|false|false&#8220; custom_margin_tablet=&#8220;70px|auto||auto|false|false&#8220; custom_margin_phone=&#8220;0px|auto||auto|false|false&#8220; custom_margin_last_edited=&#8220;on|phone&#8220; custom_padding=&#8220;0px|12px|59px|12px|false|true&#8220; box_shadow_style=&#8220;preset1&#8243; global_colors_info=&#8220;{}&#8220;][et_pb_column type=&#8220;4_4&#8243; _builder_version=&#8220;4.27.4&#8243; background_enable_color=&#8220;off&#8220; z_index=&#8220;180&#8243; custom_padding=&#8220;||||false|false&#8220; global_colors_info=&#8220;{}&#8220; custom_padding__hover=&#8220;|||&#8220;][et_pb_text _builder_version=&#8220;4.27.5&#8243; _module_preset=&#8220;default&#8220; header_font=&#8220;|||||on|||&#8220; header_text_color=&#8220;#ffffff&#8220; header_font_size=&#8220;60px&#8220; header_letter_spacing=&#8220;2px&#8220; header_line_height=&#8220;1.4em&#8220; custom_margin=&#8220;40px||||false|false&#8220; custom_margin_tablet=&#8220;40px||||false|false&#8220; custom_margin_phone=&#8220;110px||||false|false&#8220; custom_margin_last_edited=&#8220;on|phone&#8220; custom_padding=&#8220;20px||||false|false&#8220; header_font_size_tablet=&#8220;60px&#8220; header_font_size_phone=&#8220;46px&#8220; header_font_size_last_edited=&#8220;on|phone&#8220; global_colors_info=&#8220;{}&#8220;]<\/p>\n<h1 style=\"text-align: center;\">Power Talk<\/h1>\n<p>[\/et_pb_text][et_pb_text _builder_version=&#8220;4.27.5&#8243; _module_preset=&#8220;default&#8220; text_font=&#8220;||||||||&#8220; text_text_color=&#8220;#FFFAF2&#8243; text_font_size=&#8220;24px&#8220; header_2_text_color=&#8220;#FFFAF2&#8243; header_2_font_size=&#8220;32px&#8220; header_3_text_color=&#8220;#FFFAF2&#8243; header_3_font_size=&#8220;26px&#8220; custom_margin=&#8220;||51px|||&#8220; custom_padding_tablet=&#8220;&#8220; custom_padding_phone=&#8220;|20px||20px|false|true&#8220; custom_padding_last_edited=&#8220;on|phone&#8220; hover_enabled=&#8220;0&#8243; text_font_size_tablet=&#8220;21px&#8220; text_font_size_phone=&#8220;23px&#8220; text_font_size_last_edited=&#8220;on|phone&#8220; header_2_font_size_tablet=&#8220;32px&#8220; header_2_font_size_phone=&#8220;25px&#8220; header_2_font_size_last_edited=&#8220;on|phone&#8220; header_2_letter_spacing_tablet=&#8220;&#8220; header_2_letter_spacing_phone=&#8220;&#8220; header_2_letter_spacing_last_edited=&#8220;on|desktop&#8220; header_3_line_height_tablet=&#8220;&#8220; header_3_line_height_phone=&#8220;&#8220; header_3_line_height_last_edited=&#8220;on|desktop&#8220; global_colors_info=&#8220;{}&#8220; sticky_enabled=&#8220;0&#8243;]<\/p>\n<h2 class=\"p1\" style=\"text-align: center;\">A confidential conversation for initial orientation \u2014<br \/>when a situation calls for clarity.<\/h2>\n<p>[\/et_pb_text][et_pb_text _builder_version=&#8220;4.27.5&#8243; _module_preset=&#8220;default&#8220; text_text_color=&#8220;#FFFAF2&#8243; text_font_size=&#8220;26px&#8220; text_letter_spacing=&#8220;1px&#8220; custom_margin=&#8220;-24px||4px|||&#8220; custom_padding_tablet=&#8220;&#8220; custom_padding_phone=&#8220;|20px|17px|20px|false|true&#8220; custom_padding_last_edited=&#8220;on|phone&#8220; text_font_size_tablet=&#8220;21px&#8220; text_font_size_phone=&#8220;20px&#8220; text_font_size_last_edited=&#8220;on|phone&#8220; global_colors_info=&#8220;{}&#8220;]<\/p>\n<p class=\"p1\" style=\"text-align: center;\">For women in positions of significant responsibility<br data-start=\"1978\" data-end=\"1981\" \/>who want to better understand a question, decision, or dynamic they are facing.<\/p>\n<p data-start=\"358\" data-end=\"384\">[\/et_pb_text][et_pb_text _builder_version=&#8220;4.27.5&#8243; _module_preset=&#8220;default&#8220; text_font=&#8220;||||||||&#8220; text_text_color=&#8220;#FFFAF2&#8243; text_font_size=&#8220;25px&#8220; custom_padding=&#8220;1px||30px||false|false&#8220; text_font_size_tablet=&#8220;25px&#8220; text_font_size_phone=&#8220;22px&#8220; text_font_size_last_edited=&#8220;on|phone&#8220; global_colors_info=&#8220;{}&#8220;]<\/p>\n<p class=\"p2\" style=\"text-align: center;\">A Power Talk lasts approximately 60 minutes.<\/p>\n<p class=\"p2\" style=\"text-align: center;\"><strong>It is confidential, free of charge, and without obligation.<\/strong><\/p>\n<p>[\/et_pb_text][et_pb_button button_url=&#8220;https:\/\/calendly.com\/renatehechenberger\/your-power-talk&#8220; url_new_window=&#8220;on&#8220; button_text=&#8220;\u2728 Power-Talk vereinbaren&#8220; button_alignment=&#8220;center&#8220; _builder_version=&#8220;4.27.5&#8243; _module_preset=&#8220;default&#8220; custom_button=&#8220;on&#8220; button_text_size=&#8220;17px&#8220; button_text_color=&#8220;#ffffff&#8220; button_bg_color=&#8220;#d29b83&#8243; button_border_width=&#8220;0px&#8220; button_border_radius=&#8220;30px&#8220; button_letter_spacing=&#8220;0px&#8220; button_font=&#8220;|700|||||||&#8220; custom_padding=&#8220;15px|30px|15px|30px|false|false&#8220; animation_style=&#8220;slide&#8220; button_text_shadow_style=&#8220;preset1&#8243; button_text_shadow_color=&#8220;RGBA(255,255,255,0)&#8220; global_colors_info=&#8220;{}&#8220; button_bg_color__hover_enabled=&#8220;on|desktop&#8220; button_bg_color__hover=&#8220;#c8a956&#8243; button_bg_enable_color__hover=&#8220;on&#8220;][\/et_pb_button][\/et_pb_column][\/et_pb_row][\/et_pb_section][et_pb_section fb_built=&#8220;1&#8243; _builder_version=&#8220;4.27.4&#8243; _module_preset=&#8220;default&#8220; global_colors_info=&#8220;{}&#8220;][et_pb_row _builder_version=&#8220;4.27.4&#8243; _module_preset=&#8220;default&#8220; width=&#8220;90%&#8220; custom_padding=&#8220;6px|||||&#8220; hover_enabled=&#8220;0&#8243; global_colors_info=&#8220;{}&#8220; sticky_enabled=&#8220;0&#8243;][et_pb_column type=&#8220;4_4&#8243; _builder_version=&#8220;4.27.4&#8243; _module_preset=&#8220;default&#8220; global_colors_info=&#8220;{}&#8220;][et_pb_code _builder_version=&#8220;4.27.5&#8243; _module_preset=&#8220;default&#8220; hover_enabled=&#8220;0&#8243; global_colors_info=&#8220;{}&#8220; sticky_enabled=&#8220;0&#8243;]<!-- Calendly inline widget begin --><!-- [et_pb_line_break_holder] --><\/p>\n<div class=\"calendly-inline-widget\" data-url=\"https:\/\/calendly.com\/renatehechenberger\" style=\"min-width:320px;height:700px;\"><\/div>\n<p><!-- [et_pb_line_break_holder] --><script type=\"text\/javascript\" src=\"https:\/\/assets.calendly.com\/assets\/external\/widget.js\" async><\/script><!-- [et_pb_line_break_holder] --><!-- Calendly inline widget end -->[\/et_pb_code][\/et_pb_column][\/et_pb_row][\/et_pb_section][et_pb_section fb_built=&#8220;1&#8243; _builder_version=&#8220;4.27.4&#8243; _module_preset=&#8220;default&#8220; global_colors_info=&#8220;{}&#8220;][et_pb_row _builder_version=&#8220;4.27.4&#8243; _module_preset=&#8220;default&#8220; width=&#8220;90%&#8220; max_width=&#8220;1120px&#8220; custom_padding=&#8220;||9px|||&#8220; global_colors_info=&#8220;{}&#8220;][et_pb_column type=&#8220;4_4&#8243; _builder_version=&#8220;4.27.4&#8243; _module_preset=&#8220;default&#8220; global_colors_info=&#8220;{}&#8220;][et_pb_text _builder_version=&#8220;4.27.5&#8243; _module_preset=&#8220;default&#8220; header_2_text_color=&#8220;#D29B83&#8243; header_2_font_size=&#8220;30px&#8220; global_colors_info=&#8220;{}&#8220;]<\/p>\n<h2 class=\"p1\" style=\"text-align: center;\"><b>When a Power Talk can be helpful<\/b><\/h2>\n<p>[\/et_pb_text][et_pb_text _builder_version=&#8220;4.27.5&#8243; _module_preset=&#8220;default&#8220; hover_enabled=&#8220;0&#8243; global_colors_info=&#8220;{}&#8220; sticky_enabled=&#8220;0&#8243;]<\/p>\n<p class=\"p1\">A Power Talk is valuable when a situation can no longer be clearly understood or resolved within one\u2019s own system \u2014 even though decisions are usually made with clarity and confidence.<\/p>\n<p><strong>For example when:<\/strong><\/p>\n<p>\u2022 a complex decision with partners or within your organisation is approaching<br \/>\u2022 multiple expectations, loyalties, or responsibilities are at play simultaneously<br \/>\u2022 a shift is becoming visible \u2014 but the right direction is not yet clear<\/p>\n<p>In such moments, a neutral and experienced external perspective can help restore clarity and orientation.<\/p>\n<p>[\/et_pb_text][\/et_pb_column][\/et_pb_row][\/et_pb_section][et_pb_section fb_built=&#8220;1&#8243; _builder_version=&#8220;4.27.4&#8243; _module_preset=&#8220;default&#8220; global_colors_info=&#8220;{}&#8220;][et_pb_row _builder_version=&#8220;4.27.4&#8243; _module_preset=&#8220;default&#8220; width=&#8220;90%&#8220; max_width=&#8220;1120px&#8220; custom_padding=&#8220;13px|||||&#8220; global_colors_info=&#8220;{}&#8220;][et_pb_column type=&#8220;4_4&#8243; _builder_version=&#8220;4.27.4&#8243; _module_preset=&#8220;default&#8220; global_colors_info=&#8220;{}&#8220;][et_pb_text _builder_version=&#8220;4.27.5&#8243; _module_preset=&#8220;default&#8220; header_2_text_color=&#8220;#D29B83&#8243; header_2_font_size=&#8220;30px&#8220; hover_enabled=&#8220;0&#8243; global_colors_info=&#8220;{}&#8220; sticky_enabled=&#8220;0&#8243;]<\/p>\n<h2 style=\"text-align: center;\">What to expect<\/h2>\n<p>[\/et_pb_text][et_pb_text _builder_version=&#8220;4.27.5&#8243; _module_preset=&#8220;default&#8220; hover_enabled=&#8220;0&#8243; global_colors_info=&#8220;{}&#8220; sticky_enabled=&#8220;0&#8243;]<\/p>\n<p data-start=\"511\" data-end=\"529\" style=\"text-align: left;\"><strong>A protected space: <\/strong>A conversation without performance. Without a predefined agenda.<\/p>\n<p data-start=\"534\" data-end=\"568\" style=\"text-align: left;\"><strong>Clarifying the situation: <\/strong>The situation, the relevant dynamics, and what is actually at stake are structured and brought into focus.<\/p>\n<p class=\"p1\"><b>An honest perspective: <\/b>I share the paths I see \u2014 and also where I may not be the right person.<\/p>\n<p class=\"p1\"><b>A concrete next step: <\/b>The conversation leads to a sharper understanding of the situation and a clearer assessment of possible next steps.<\/p>\n<p>[\/et_pb_text][\/et_pb_column][\/et_pb_row][\/et_pb_section][et_pb_section fb_built=&#8220;1&#8243; _builder_version=&#8220;4.27.4&#8243; _module_preset=&#8220;default&#8220; custom_padding=&#8220;||49px|||&#8220; global_colors_info=&#8220;{}&#8220;][et_pb_row _builder_version=&#8220;4.27.4&#8243; _module_preset=&#8220;default&#8220; width=&#8220;90%&#8220; max_width=&#8220;1120px&#8220; custom_padding=&#8220;||11px|||&#8220; global_colors_info=&#8220;{}&#8220;][et_pb_column type=&#8220;4_4&#8243; _builder_version=&#8220;4.27.4&#8243; _module_preset=&#8220;default&#8220; global_colors_info=&#8220;{}&#8220;][et_pb_text _builder_version=&#8220;4.27.5&#8243; _module_preset=&#8220;default&#8220; header_2_text_align=&#8220;center&#8220; header_2_text_color=&#8220;#D29B83&#8243; header_2_font_size=&#8220;30px&#8220; global_colors_info=&#8220;{}&#8220;]<\/p>\n<h2 data-start=\"1234\" data-end=\"1253\">Who this space is for<\/h2>\n<p>[\/et_pb_text][et_pb_text _builder_version=&#8220;4.27.5&#8243; _module_preset=&#8220;default&#8220; text_font=&#8220;||||||||&#8220; global_colors_info=&#8220;{}&#8220;]<\/p>\n<p class=\"p1\" style=\"text-align: left;\">This space is for women in positions of significant responsibility \u2014 who carry complex situations and know that certain questions cannot be openly thought through and discussed within their own system.<\/p>\n<p data-start=\"178\" data-end=\"225\" style=\"text-align: center;\">[\/et_pb_text][et_pb_button button_url=&#8220;https:\/\/calendly.com\/renatehechenberger\/your-power-talk&#8220; url_new_window=&#8220;on&#8220; button_text=&#8220;\u2728 Power-Talk vereinbaren&#8220; button_alignment=&#8220;center&#8220; _builder_version=&#8220;4.27.5&#8243; _module_preset=&#8220;default&#8220; custom_button=&#8220;on&#8220; button_text_size=&#8220;17px&#8220; button_text_color=&#8220;#ffffff&#8220; button_bg_color=&#8220;#d29b83&#8243; button_border_width=&#8220;0px&#8220; button_border_radius=&#8220;30px&#8220; button_letter_spacing=&#8220;0px&#8220; button_font=&#8220;|700|||||||&#8220; custom_padding=&#8220;15px|30px|15px|30px|false|false&#8220; button_text_shadow_style=&#8220;preset1&#8243; button_text_shadow_color=&#8220;#D4AF37&#8243; global_colors_info=&#8220;{}&#8220; button_bg_color__hover_enabled=&#8220;on|desktop&#8220; button_bg_color__hover=&#8220;#c8a956&#8243; button_bg_enable_color__hover=&#8220;on&#8220;][\/et_pb_button][\/et_pb_column][\/et_pb_row][\/et_pb_section][et_pb_section fb_built=&#8220;1&#8243; _builder_version=&#8220;4.27.5&#8243; _module_preset=&#8220;default&#8220; background_color=&#8220;#d29b83&#8243; global_colors_info=&#8220;{}&#8220;][et_pb_row column_structure=&#8220;1_2,1_2&#8243; _builder_version=&#8220;4.27.4&#8243; _module_preset=&#8220;default&#8220; width=&#8220;90%&#8220; max_width=&#8220;1120px&#8220; custom_margin=&#8220;30px|auto||auto||&#8220; global_colors_info=&#8220;{}&#8220;][et_pb_column type=&#8220;1_2&#8243; _builder_version=&#8220;4.27.4&#8243; _module_preset=&#8220;default&#8220; global_colors_info=&#8220;{}&#8220;][et_pb_testimonial author=&#8220;Teilnehmerin Power Talk&#8220; portrait_url=&#8220;https:\/\/renatehechenberger.com\/wp-content\/uploads\/2025\/06\/spirale-ChatGPT.png&#8220; quote_icon_color=&#8220;#D29B83&#8243; _builder_version=&#8220;4.27.4&#8243; _module_preset=&#8220;default&#8220; box_shadow_style=&#8220;preset1&#8243; global_colors_info=&#8220;{}&#8220;]<\/p>\n<p><em>Already in the very first conversation, I felt: this is the right place for me.<\/em><\/p>\n<p><em>I could talk openly about my topics\u2014without mask, without pressure.\u201d<\/em><\/p>\n<p>[\/et_pb_testimonial][\/et_pb_column][et_pb_column type=&#8220;1_2&#8243; _builder_version=&#8220;4.27.4&#8243; _module_preset=&#8220;default&#8220; global_colors_info=&#8220;{}&#8220;][et_pb_testimonial author=&#8220;Teilnehmerin Power Talk&#8220; portrait_url=&#8220;https:\/\/renatehechenberger.com\/wp-content\/uploads\/2025\/06\/spirale-ChatGPT.png&#8220; quote_icon_color=&#8220;#D29B83&#8243; _builder_version=&#8220;4.27.5&#8243; _module_preset=&#8220;default&#8220; box_shadow_style=&#8220;preset1&#8243; global_colors_info=&#8220;{}&#8220;]<\/p>\n<p><em>\u201cThe Power Talk showed me that I am not alone with the questions I\u2019m carrying.<\/em><\/p>\n<p><em>It was the first step toward a new clarity in my situation.\u201d<\/em><\/p>\n<p>[\/et_pb_testimonial][\/et_pb_column][\/et_pb_row][\/et_pb_section]<\/p>","protected":false},"excerpt":{"rendered":"<p>Power TalkEin vertrauliches Gespr\u00e4ch f\u00fcr erste Orientierung -wenn eine Situation Klarheit verlangt.F\u00fcr Frauen in verantwortungsvollen F\u00fchrungsrollen,die eine Frage, Entscheidung oder Dynamik besser verstehen m\u00f6chten. Ein Power Talk dauert etwa 60 Minuten. Er ist vertraulich, kostenfrei und ohne Verpflichtung.Wann ein Power Talk hilfreich sein kannEin Power Talk ist sinnvoll, wenn eine Situation sich im eigenen System [&hellip;]<\/p>","protected":false},"author":2,"featured_media":0,"parent":0,"menu_order":0,"comment_status":"closed","ping_status":"closed","template":"","meta":{"_et_pb_use_builder":"on","_et_pb_old_content":"","_et_gb_content_width":"","footnotes":""},"class_list":["post-247646","page","type-page","status-publish","hentry"],"yoast_head":"<!-- This site is optimized with the Yoast SEO Premium plugin v25.8 (Yoast SEO v27.3) - https:\/\/yoast.com\/product\/yoast-seo-premium-wordpress\/ -->\n<title>Power Talk - renatehechenberger.com<\/title>\n<meta name=\"description\" content=\"Power Talk f\u00fcr Frauen in F\u00fchrungsrollen mit hoher Verantwortung. Klarheit in Situationen, die im eigenen System nicht offen gedacht werden k\u00f6nnen.\" \/>\n<meta name=\"robots\" content=\"index, follow, max-snippet:-1, max-image-preview:large, max-video-preview:-1\" \/>\n<link rel=\"canonical\" href=\"https:\/\/renatehechenberger.com\/en\/power-talk\/\" \/>\n<meta property=\"og:locale\" content=\"en_GB\" \/>\n<meta property=\"og:type\" content=\"article\" \/>\n<meta property=\"og:title\" content=\"Power Talk\" \/>\n<meta property=\"og:description\" content=\"Power Talk f\u00fcr Frauen in F\u00fchrungsrollen mit hoher Verantwortung. Klarheit in Situationen, die im eigenen System nicht offen gedacht werden k\u00f6nnen.\" \/>\n<meta property=\"og:url\" content=\"https:\/\/renatehechenberger.com\/en\/power-talk\/\" \/>\n<meta property=\"og:site_name\" content=\"renatehechenberger.com\" \/>\n<meta property=\"article:modified_time\" content=\"2026-04-05T10:19:20+00:00\" \/>\n<meta name=\"twitter:card\" content=\"summary_large_image\" \/>\n<meta name=\"twitter:label1\" content=\"Estimated reading time\" \/>\n\t<meta name=\"twitter:data1\" content=\"2 minutes\" \/>\n<script type=\"application\/ld+json\" class=\"yoast-schema-graph\">{\"@context\":\"https:\\\/\\\/schema.org\",\"@graph\":[{\"@type\":\"WebPage\",\"@id\":\"https:\\\/\\\/renatehechenberger.com\\\/power-talk\\\/\",\"url\":\"https:\\\/\\\/renatehechenberger.com\\\/power-talk\\\/\",\"name\":\"Power Talk - renatehechenberger.com\",\"isPartOf\":{\"@id\":\"https:\\\/\\\/renatehechenberger.com\\\/#website\"},\"datePublished\":\"2025-09-06T15:17:51+00:00\",\"dateModified\":\"2026-04-05T10:19:20+00:00\",\"description\":\"Power Talk f\u00fcr Frauen in F\u00fchrungsrollen mit hoher Verantwortung. Klarheit in Situationen, die im eigenen System nicht offen gedacht werden k\u00f6nnen.\",\"breadcrumb\":{\"@id\":\"https:\\\/\\\/renatehechenberger.com\\\/power-talk\\\/#breadcrumb\"},\"inLanguage\":\"en-GB\",\"potentialAction\":[{\"@type\":\"ReadAction\",\"target\":[\"https:\\\/\\\/renatehechenberger.com\\\/power-talk\\\/\"]}]},{\"@type\":\"BreadcrumbList\",\"@id\":\"https:\\\/\\\/renatehechenberger.com\\\/power-talk\\\/#breadcrumb\",\"itemListElement\":[{\"@type\":\"ListItem\",\"position\":1,\"name\":\"Home\",\"item\":\"https:\\\/\\\/renatehechenberger.com\\\/\"},{\"@type\":\"ListItem\",\"position\":2,\"name\":\"Power Talk\"}]},{\"@type\":\"WebSite\",\"@id\":\"https:\\\/\\\/renatehechenberger.com\\\/#website\",\"url\":\"https:\\\/\\\/renatehechenberger.com\\\/\",\"name\":\"renatehechenberger.com\",\"description\":\"Female Power Architect \u2013 f\u00fcr Frauen in Leadership &amp; Transition\",\"potentialAction\":[{\"@type\":\"SearchAction\",\"target\":{\"@type\":\"EntryPoint\",\"urlTemplate\":\"https:\\\/\\\/renatehechenberger.com\\\/?s={search_term_string}\"},\"query-input\":{\"@type\":\"PropertyValueSpecification\",\"valueRequired\":true,\"valueName\":\"search_term_string\"}}],\"inLanguage\":\"en-GB\"}]}<\/script>\n<!-- \/ Yoast SEO Premium plugin. -->","yoast_head_json":{"title":"Power Talk - renatehechenberger.com","description":"Power Talk f\u00fcr Frauen in F\u00fchrungsrollen mit hoher Verantwortung. Klarheit in Situationen, die im eigenen System nicht offen gedacht werden k\u00f6nnen.","robots":{"index":"index","follow":"follow","max-snippet":"max-snippet:-1","max-image-preview":"max-image-preview:large","max-video-preview":"max-video-preview:-1"},"canonical":"https:\/\/renatehechenberger.com\/en\/power-talk\/","og_locale":"en_GB","og_type":"article","og_title":"Power Talk","og_description":"Power Talk f\u00fcr Frauen in F\u00fchrungsrollen mit hoher Verantwortung. Klarheit in Situationen, die im eigenen System nicht offen gedacht werden k\u00f6nnen.","og_url":"https:\/\/renatehechenberger.com\/en\/power-talk\/","og_site_name":"renatehechenberger.com","article_modified_time":"2026-04-05T10:19:20+00:00","twitter_card":"summary_large_image","twitter_misc":{"Estimated reading time":"2 minutes"},"schema":{"@context":"https:\/\/schema.org","@graph":[{"@type":"WebPage","@id":"https:\/\/renatehechenberger.com\/power-talk\/","url":"https:\/\/renatehechenberger.com\/power-talk\/","name":"Power Talk - renatehechenberger.com","isPartOf":{"@id":"https:\/\/renatehechenberger.com\/#website"},"datePublished":"2025-09-06T15:17:51+00:00","dateModified":"2026-04-05T10:19:20+00:00","description":"Power Talk f\u00fcr Frauen in F\u00fchrungsrollen mit hoher Verantwortung. Klarheit in Situationen, die im eigenen System nicht offen gedacht werden k\u00f6nnen.","breadcrumb":{"@id":"https:\/\/renatehechenberger.com\/power-talk\/#breadcrumb"},"inLanguage":"en-GB","potentialAction":[{"@type":"ReadAction","target":["https:\/\/renatehechenberger.com\/power-talk\/"]}]},{"@type":"BreadcrumbList","@id":"https:\/\/renatehechenberger.com\/power-talk\/#breadcrumb","itemListElement":[{"@type":"ListItem","position":1,"name":"Home","item":"https:\/\/renatehechenberger.com\/"},{"@type":"ListItem","position":2,"name":"Power Talk"}]},{"@type":"WebSite","@id":"https:\/\/renatehechenberger.com\/#website","url":"https:\/\/renatehechenberger.com\/","name":"renatehechenberger.com","description":"Female Power Architect \u2013 f\u00fcr Frauen in Leadership &amp; Transition","potentialAction":[{"@type":"SearchAction","target":{"@type":"EntryPoint","urlTemplate":"https:\/\/renatehechenberger.com\/?s={search_term_string}"},"query-input":{"@type":"PropertyValueSpecification","valueRequired":true,"valueName":"search_term_string"}}],"inLanguage":"en-GB"}]}},"_links":{"self":[{"href":"https:\/\/renatehechenberger.com\/en\/wp-json\/wp\/v2\/pages\/247646","targetHints":{"allow":["GET"]}}],"collection":[{"href":"https:\/\/renatehechenberger.com\/en\/wp-json\/wp\/v2\/pages"}],"about":[{"href":"https:\/\/renatehechenberger.com\/en\/wp-json\/wp\/v2\/types\/page"}],"author":[{"embeddable":true,"href":"https:\/\/renatehechenberger.com\/en\/wp-json\/wp\/v2\/users\/2"}],"replies":[{"embeddable":true,"href":"https:\/\/renatehechenberger.com\/en\/wp-json\/wp\/v2\/comments?post=247646"}],"version-history":[{"count":164,"href":"https:\/\/renatehechenberger.com\/en\/wp-json\/wp\/v2\/pages\/247646\/revisions"}],"predecessor-version":[{"id":250764,"href":"https:\/\/renatehechenberger.com\/en\/wp-json\/wp\/v2\/pages\/247646\/revisions\/250764"}],"wp:attachment":[{"href":"https:\/\/renatehechenberger.com\/en\/wp-json\/wp\/v2\/media?parent=247646"}],"curies":[{"name":"wp","href":"https:\/\/api.w.org\/{rel}","templated":true}]}}